{"id":298,"date":"2015-07-20T09:13:12","date_gmt":"2015-07-20T09:13:12","guid":{"rendered":"http:\/\/demo.themegrill.com\/himalayas\/?page_id=7"},"modified":"2021-05-31T19:17:36","modified_gmt":"2021-05-31T19:17:36","slug":"johanna-maman","status":"publish","type":"page","link":"https:\/\/seatoyou-export.fr\/en\/johanna-maman\/","title":{"rendered":"Who is Johanna Maman ?"},"content":{"rendered":"<p><span style=\"font-weight: 400;\">After obtaining an advanced technician's certificate <\/span><b>in Aquaculture Productions,<\/b><span style=\"font-weight: 400;\">, d\u2019une licence <\/span><b>in Marketing and Development of Seafood Products<\/b><span style=\"font-weight: 400;\"> followed by a Bachelor's degree in <\/span><b>Quality Safety Environment,<\/b><span style=\"font-weight: 400;\"> Johanna Maman worked for Saumon France SA as Quality Manager and Sales Assistant.<\/span><\/p>\n<p><span style=\"font-weight: 400;\">Dans un autre registre, elle travaille quelques ann\u00e9es dans le monde de l\u2019aquariophilie. Evoluant avec aisance dans ce secteur d&rsquo;activit\u00e9, elle affute son exp\u00e9rience en passant par plusieurs postes pour terminer en tant que <em>Product Manager<\/em> at a reputable wholesaler.<\/span><\/p>\n<p><span style=\"font-weight: 400;\">Today, with a very rich and varied professional network, solid experience and a broader vision of the world of the sea, she contributes to new collaborations.<\/span><\/p>","protected":false},"excerpt":{"rendered":"<p>After obtaining an advanced technician's certificate <b>in Aquaculture Productions,<\/b> a Bachelor's degree<b> in Marketing and Development of Seafood Products<\/b> followed by a Bachelor's degree in<b> Quality Safety Environment,<\/b>  Johanna Maman worked for Saumon France SA as Quality Manager and Sales Assistant.<\/p>\n<p>Dans un autre registre, elle travaille quelques ann\u00e9es dans le monde de l\u2019aquariophile. Evoluant avec aisance dans ce secteur d&rsquo;activit\u00e9, elle affute son exp\u00e9rience en passant par plusieurs postes pour terminer en tant que <em>Product Manager<\/em> at a reputable wholesaler.<\/p>\n<p>Today, with a very rich and varied professional network, solid experience and a broader vision of the world of the sea, she contributes to new collaborations.<\/p>","protected":false},"author":2,"featured_media":84,"parent":0,"menu_order":0,"comment_status":"closed","ping_status":"closed","template":"","meta":{"footnotes":""},"class_list":["post-298","page","type-page","status-publish","has-post-thumbnail","hentry"],"yoast_head":"<!-- This site is optimized with the Yoast SEO plugin v25.6 - https:\/\/yoast.com\/wordpress\/plugins\/seo\/ -->\n<title>Qui est Johanna Maman ? - SeaToYou<\/title>\n<meta name=\"description\" content=\"Du savoir-faire et des ann\u00e9es d&#039;exp\u00e9riences, Johanna Maman se positionne sur un business quelle maitrise. D\u00e9couvrez son parcours.\" \/>\n<meta name=\"robots\" content=\"index, follow, max-snippet:-1, max-image-preview:large, max-video-preview:-1\" \/>\n<link rel=\"canonical\" href=\"https:\/\/seatoyou-export.fr\/en\/johanna-maman\/\" \/>\n<meta property=\"og:locale\" content=\"en_GB\" \/>\n<meta property=\"og:type\" content=\"article\" \/>\n<meta property=\"og:title\" content=\"Qui est Johanna Maman ? - SeaToYou\" \/>\n<meta property=\"og:description\" content=\"Du savoir-faire et des ann\u00e9es d&#039;exp\u00e9riences, Johanna Maman se positionne sur un business quelle maitrise. D\u00e9couvrez son parcours.\" \/>\n<meta property=\"og:url\" content=\"https:\/\/seatoyou-export.fr\/en\/johanna-maman\/\" \/>\n<meta property=\"og:site_name\" content=\"SeaToYou\" \/>\n<meta property=\"article:publisher\" content=\"https:\/\/www.facebook.com\/JohannaSeaToYou\/\" \/>\n<meta property=\"article:modified_time\" content=\"2021-05-31T19:17:36+00:00\" \/>\n<meta property=\"og:image\" content=\"https:\/\/seatoyou-export.fr\/wp-content\/uploads\/2020\/11\/Logo_SeaToYou_Logo-3-copie.png\" \/>\n\t<meta property=\"og:image:width\" content=\"378\" \/>\n\t<meta property=\"og:image:height\" content=\"384\" \/>\n\t<meta property=\"og:image:type\" content=\"image\/png\" \/>\n<meta name=\"twitter:card\" content=\"summary_large_image\" \/>\n<meta name=\"twitter:label1\" content=\"Estimated reading time\" \/>\n\t<meta name=\"twitter:data1\" content=\"1 minute\" \/>\n<script type=\"application\/ld+json\" class=\"yoast-schema-graph\">{\"@context\":\"https:\/\/schema.org\",\"@graph\":[{\"@type\":\"WebPage\",\"@id\":\"https:\/\/seatoyou-export.fr\/johanna-maman\/\",\"url\":\"https:\/\/seatoyou-export.fr\/johanna-maman\/\",\"name\":\"Qui est Johanna Maman ? - SeaToYou\",\"isPartOf\":{\"@id\":\"https:\/\/seatoyou-export.fr\/#website\"},\"primaryImageOfPage\":{\"@id\":\"https:\/\/seatoyou-export.fr\/johanna-maman\/#primaryimage\"},\"image\":{\"@id\":\"https:\/\/seatoyou-export.fr\/johanna-maman\/#primaryimage\"},\"thumbnailUrl\":\"https:\/\/seatoyou-export.fr\/wp-content\/uploads\/2020\/11\/Logo_SeaToYou_Logo-3-copie.png\",\"datePublished\":\"2015-07-20T09:13:12+00:00\",\"dateModified\":\"2021-05-31T19:17:36+00:00\",\"description\":\"Du savoir-faire et des ann\u00e9es d'exp\u00e9riences, Johanna Maman se positionne sur un business quelle maitrise. D\u00e9couvrez son parcours.\",\"breadcrumb\":{\"@id\":\"https:\/\/seatoyou-export.fr\/johanna-maman\/#breadcrumb\"},\"inLanguage\":\"en-GB\",\"potentialAction\":[{\"@type\":\"ReadAction\",\"target\":[\"https:\/\/seatoyou-export.fr\/johanna-maman\/\"]}]},{\"@type\":\"ImageObject\",\"inLanguage\":\"en-GB\",\"@id\":\"https:\/\/seatoyou-export.fr\/johanna-maman\/#primaryimage\",\"url\":\"https:\/\/seatoyou-export.fr\/wp-content\/uploads\/2020\/11\/Logo_SeaToYou_Logo-3-copie.png\",\"contentUrl\":\"https:\/\/seatoyou-export.fr\/wp-content\/uploads\/2020\/11\/Logo_SeaToYou_Logo-3-copie.png\",\"width\":378,\"height\":384,\"caption\":\"SeaToYou\"},{\"@type\":\"BreadcrumbList\",\"@id\":\"https:\/\/seatoyou-export.fr\/johanna-maman\/#breadcrumb\",\"itemListElement\":[{\"@type\":\"ListItem\",\"position\":1,\"name\":\"Accueil\",\"item\":\"https:\/\/seatoyou-export.fr\/\"},{\"@type\":\"ListItem\",\"position\":2,\"name\":\"Qui est Johanna Maman ?\"}]},{\"@type\":\"WebSite\",\"@id\":\"https:\/\/seatoyou-export.fr\/#website\",\"url\":\"https:\/\/seatoyou-export.fr\/\",\"name\":\"SeaToYou\",\"description\":\"Business Developper\",\"publisher\":{\"@id\":\"https:\/\/seatoyou-export.fr\/#organization\"},\"potentialAction\":[{\"@type\":\"SearchAction\",\"target\":{\"@type\":\"EntryPoint\",\"urlTemplate\":\"https:\/\/seatoyou-export.fr\/?s={search_term_string}\"},\"query-input\":{\"@type\":\"PropertyValueSpecification\",\"valueRequired\":true,\"valueName\":\"search_term_string\"}}],\"inLanguage\":\"en-GB\"},{\"@type\":\"Organization\",\"@id\":\"https:\/\/seatoyou-export.fr\/#organization\",\"name\":\"Sea To You\",\"url\":\"https:\/\/seatoyou-export.fr\/\",\"logo\":{\"@type\":\"ImageObject\",\"inLanguage\":\"en-GB\",\"@id\":\"https:\/\/seatoyou-export.fr\/#\/schema\/logo\/image\/\",\"url\":\"https:\/\/seatoyou-export.fr\/wp-content\/uploads\/2020\/11\/cropped-Logo_SeaToYou_Logo-3-copie-2-2.png\",\"contentUrl\":\"https:\/\/seatoyou-export.fr\/wp-content\/uploads\/2020\/11\/cropped-Logo_SeaToYou_Logo-3-copie-2-2.png\",\"width\":378,\"height\":378,\"caption\":\"Sea To You\"},\"image\":{\"@id\":\"https:\/\/seatoyou-export.fr\/#\/schema\/logo\/image\/\"},\"sameAs\":[\"https:\/\/www.facebook.com\/JohannaSeaToYou\/\",\"https:\/\/www.linkedin.com\/in\/seatoyou\/?originalSubdomain=fr\"]}]}<\/script>\n<!-- \/ Yoast SEO plugin. -->","yoast_head_json":{"title":"Qui est Johanna Maman ? - SeaToYou","description":"Du savoir-faire et des ann\u00e9es d'exp\u00e9riences, Johanna Maman se positionne sur un business quelle maitrise. D\u00e9couvrez son parcours.","robots":{"index":"index","follow":"follow","max-snippet":"max-snippet:-1","max-image-preview":"max-image-preview:large","max-video-preview":"max-video-preview:-1"},"canonical":"https:\/\/seatoyou-export.fr\/en\/johanna-maman\/","og_locale":"en_GB","og_type":"article","og_title":"Qui est Johanna Maman ? - SeaToYou","og_description":"Du savoir-faire et des ann\u00e9es d'exp\u00e9riences, Johanna Maman se positionne sur un business quelle maitrise. D\u00e9couvrez son parcours.","og_url":"https:\/\/seatoyou-export.fr\/en\/johanna-maman\/","og_site_name":"SeaToYou","article_publisher":"https:\/\/www.facebook.com\/JohannaSeaToYou\/","article_modified_time":"2021-05-31T19:17:36+00:00","og_image":[{"width":378,"height":384,"url":"https:\/\/seatoyou-export.fr\/wp-content\/uploads\/2020\/11\/Logo_SeaToYou_Logo-3-copie.png","type":"image\/png"}],"twitter_card":"summary_large_image","twitter_misc":{"Estimated reading time":"1 minute"},"schema":{"@context":"https:\/\/schema.org","@graph":[{"@type":"WebPage","@id":"https:\/\/seatoyou-export.fr\/johanna-maman\/","url":"https:\/\/seatoyou-export.fr\/johanna-maman\/","name":"Qui est Johanna Maman ? - SeaToYou","isPartOf":{"@id":"https:\/\/seatoyou-export.fr\/#website"},"primaryImageOfPage":{"@id":"https:\/\/seatoyou-export.fr\/johanna-maman\/#primaryimage"},"image":{"@id":"https:\/\/seatoyou-export.fr\/johanna-maman\/#primaryimage"},"thumbnailUrl":"https:\/\/seatoyou-export.fr\/wp-content\/uploads\/2020\/11\/Logo_SeaToYou_Logo-3-copie.png","datePublished":"2015-07-20T09:13:12+00:00","dateModified":"2021-05-31T19:17:36+00:00","description":"Du savoir-faire et des ann\u00e9es d'exp\u00e9riences, Johanna Maman se positionne sur un business quelle maitrise. D\u00e9couvrez son parcours.","breadcrumb":{"@id":"https:\/\/seatoyou-export.fr\/johanna-maman\/#breadcrumb"},"inLanguage":"en-GB","potentialAction":[{"@type":"ReadAction","target":["https:\/\/seatoyou-export.fr\/johanna-maman\/"]}]},{"@type":"ImageObject","inLanguage":"en-GB","@id":"https:\/\/seatoyou-export.fr\/johanna-maman\/#primaryimage","url":"https:\/\/seatoyou-export.fr\/wp-content\/uploads\/2020\/11\/Logo_SeaToYou_Logo-3-copie.png","contentUrl":"https:\/\/seatoyou-export.fr\/wp-content\/uploads\/2020\/11\/Logo_SeaToYou_Logo-3-copie.png","width":378,"height":384,"caption":"SeaToYou"},{"@type":"BreadcrumbList","@id":"https:\/\/seatoyou-export.fr\/johanna-maman\/#breadcrumb","itemListElement":[{"@type":"ListItem","position":1,"name":"Accueil","item":"https:\/\/seatoyou-export.fr\/"},{"@type":"ListItem","position":2,"name":"Qui est Johanna Maman ?"}]},{"@type":"WebSite","@id":"https:\/\/seatoyou-export.fr\/#website","url":"https:\/\/seatoyou-export.fr\/","name":"SeaToYou","description":"Business Developper","publisher":{"@id":"https:\/\/seatoyou-export.fr\/#organization"},"potentialAction":[{"@type":"SearchAction","target":{"@type":"EntryPoint","urlTemplate":"https:\/\/seatoyou-export.fr\/?s={search_term_string}"},"query-input":{"@type":"PropertyValueSpecification","valueRequired":true,"valueName":"search_term_string"}}],"inLanguage":"en-GB"},{"@type":"Organization","@id":"https:\/\/seatoyou-export.fr\/#organization","name":"Sea To You","url":"https:\/\/seatoyou-export.fr\/","logo":{"@type":"ImageObject","inLanguage":"en-GB","@id":"https:\/\/seatoyou-export.fr\/#\/schema\/logo\/image\/","url":"https:\/\/seatoyou-export.fr\/wp-content\/uploads\/2020\/11\/cropped-Logo_SeaToYou_Logo-3-copie-2-2.png","contentUrl":"https:\/\/seatoyou-export.fr\/wp-content\/uploads\/2020\/11\/cropped-Logo_SeaToYou_Logo-3-copie-2-2.png","width":378,"height":378,"caption":"Sea To You"},"image":{"@id":"https:\/\/seatoyou-export.fr\/#\/schema\/logo\/image\/"},"sameAs":["https:\/\/www.facebook.com\/JohannaSeaToYou\/","https:\/\/www.linkedin.com\/in\/seatoyou\/?originalSubdomain=fr"]}]}},"_links":{"self":[{"href":"https:\/\/seatoyou-export.fr\/en\/wp-json\/wp\/v2\/pages\/298"}],"collection":[{"href":"https:\/\/seatoyou-export.fr\/en\/wp-json\/wp\/v2\/pages"}],"about":[{"href":"https:\/\/seatoyou-export.fr\/en\/wp-json\/wp\/v2\/types\/page"}],"author":[{"embeddable":true,"href":"https:\/\/seatoyou-export.fr\/en\/wp-json\/wp\/v2\/users\/2"}],"replies":[{"embeddable":true,"href":"https:\/\/seatoyou-export.fr\/en\/wp-json\/wp\/v2\/comments?post=298"}],"version-history":[{"count":21,"href":"https:\/\/seatoyou-export.fr\/en\/wp-json\/wp\/v2\/pages\/298\/revisions"}],"predecessor-version":[{"id":807,"href":"https:\/\/seatoyou-export.fr\/en\/wp-json\/wp\/v2\/pages\/298\/revisions\/807"}],"wp:featuredmedia":[{"embeddable":true,"href":"https:\/\/seatoyou-export.fr\/en\/wp-json\/wp\/v2\/media\/84"}],"wp:attachment":[{"href":"https:\/\/seatoyou-export.fr\/en\/wp-json\/wp\/v2\/media?parent=298"}],"curies":[{"name":"wp","href":"https:\/\/api.w.org\/{rel}","templated":true}]}}