{"id":301,"date":"2015-07-20T10:39:01","date_gmt":"2015-07-20T10:39:01","guid":{"rendered":"http:\/\/demo.themegrill.com\/himalayas\/?page_id=45"},"modified":"2021-05-29T23:49:44","modified_gmt":"2021-05-29T23:49:44","slug":"contact-us-now","status":"publish","type":"page","link":"https:\/\/seatoyou-export.fr\/en\/contact-us-now\/","title":{"rendered":"SeaToYou at your service"},"content":{"rendered":"<div class=\"detail-block\">\n<div class=\"detail-title\" style=\"text-align: center;\"><i class=\"fa fa-phone\"> <\/i> T\u00e9l\u00e9phone : <a href=\"detail-text\"> +33(0) 6 09 98 23 24<\/a><\/div>\n<\/div>\n<div class=\"detail-block\">\n<div class=\"detail-title\" style=\"text-align: center;\"><i class=\"fa fa-envelope\"> <\/i> Email : <a href=\"mailto:johanna@seatoyou-export.fr\"> johanna@seatoyou-export.fr <\/a><\/div>\n<\/div>\n<div class=\"detail-block\">\n<div class=\"detail-title\" style=\"text-align: center;\"><i class=\"fa fa-weixin\"> <\/i> WeChat: <a href=\"https:\/\/www.wechat.com\/fr\/\">JohannaSeatoyou34160 <\/a> ou en scannant le QR code <img decoding=\"async\" src=\"https:\/\/seatoyou-export.fr\/wp-content\/uploads\/2020\/11\/Screenshot_20201123_234709_com.tencent.mm_-1.jpg\" width=\"100px\" \/><\/div>\n<\/div>\n<p>ou bien par le biais de notre formulaire de contact <i class=\"fa fa-sort-down\"><\/i><\/p>\n\n<div class=\"everest-forms\"><div class=\"evf-container layout-two\" id=\"evf-262\"><form id=\"evf-form-262\" class=\"everest-form\" data-formid=\"262\" data-ajax_submission=\"0\" data-keyboard_friendly_form=\"0\" data-form_state_type=\"\" method=\"post\" enctype=\"multipart\/form-data\" action=\"\/en\/wp-json\/wp\/v2\/pages\/301\"><div class=\"evf-field-container\"><input type=\"hidden\" id=\"_wpnonce262\" name=\"_wpnonce262\" value=\"cd1dc45266\" \/><input type=\"hidden\" name=\"_wp_http_referer\" value=\"\/en\/wp-json\/wp\/v2\/pages\/301\" \/><div class=\"evf-frontend-row\" data-row=\"row_1\" conditional_rules=\"[]\"><div class=\"evf-frontend-grid evf-grid-1\" data-grid=\"grid_1\"><div id=\"evf-262-field_SoPaThs8Ur-3-container\" class=\"evf-field evf-field-first-name form-row\" data-field-id=\"SoPaThs8Ur-3\"><label class=\"evf-field-label\" for=\"evf-262-field_SoPaThs8Ur-3\"><span class=\"evf-label\">Nom et Pr\u00e9nom<\/span> <\/label><input type=\"text\" id=\"evf-262-field_SoPaThs8Ur-3\" class=\"input-text\" name=\"everest_forms[form_fields][SoPaThs8Ur-3]\" ><\/div><div id=\"evf-262-field_VKsHRKrZje-2-container\" class=\"evf-field evf-field-text form-row\" data-field-id=\"VKsHRKrZje-2\"><label class=\"evf-field-label\" for=\"evf-262-field_VKsHRKrZje-2\"><span class=\"evf-label\">Nom de l&rsquo;entreprise<\/span> <\/label><input type=\"text\" id=\"evf-262-field_VKsHRKrZje-2\" class=\"input-text\" name=\"everest_forms[form_fields][VKsHRKrZje-2]\" ><\/div><div id=\"evf-262-field_ES9HPk3g4Z-4-container\" class=\"evf-field evf-field-number form-row\" data-field-id=\"ES9HPk3g4Z-4\"><label class=\"evf-field-label\" for=\"evf-262-field_ES9HPk3g4Z-4\"><span class=\"evf-label\">Num\u00e9ro de t\u00e9l\u00e9phone<\/span> <\/label><input type=\"number\" id=\"evf-262-field_ES9HPk3g4Z-4\" class=\"input-text\" name=\"everest_forms[form_fields][ES9HPk3g4Z-4]\" step=\"1\" \/><\/div><div id=\"evf-262-field_email-container\" class=\"evf-field evf-field-email form-row validate-required validate-email\" data-required-field-message=\"Merci d&#039;entrer une adresse mail valide\" data-field-id=\"email\"><label class=\"evf-field-label\" for=\"evf-262-field_email\"><span class=\"evf-label\">Email<\/span> <abbr class=\"required\" title=\"Required\">*<\/abbr><\/label><div class=\"everest-forms-field-row everest-forms-field\"><div class=\"everest-forms-field-row-block everest-forms-one-half everest-forms-first\"><input type=\"email\" id=\"evf-262-field_email\" class=\"input-text everest-forms-field-email-primary\" name=\"everest_forms[form_fields][email][primary]\" required><label for=\"evf-262-field_email\" class=\"everest-forms-field-sublabel after \">Email<\/label><\/div><div class=\"everest-forms-field-row-block everest-forms-one-half\"><input type=\"email\" id=\"evf-262-field_email-secondary\" class=\"input-text everest-forms-field-email-secondary evf-field-required\" data-rule-confirm=\"#evf-262-field_email\" name=\"everest_forms[form_fields][email][secondary]\" required><label for=\"evf-262-field_email-secondary\" class=\"everest-forms-field-sublabel after \">Confirm Email<\/label><\/div><\/div><\/div><div id=\"evf-262-field_subject-container\" class=\"evf-field evf-field-text form-row validate-required\" data-required-field-message=\"Ce champ est obligatoire.\" data-field-id=\"subject\"><label class=\"evf-field-label\" for=\"evf-262-field_subject\"><span class=\"evf-label\">Sujet<\/span> <abbr class=\"required\" title=\"Required\">*<\/abbr><\/label><input type=\"text\" id=\"evf-262-field_subject\" class=\"input-text\" name=\"everest_forms[form_fields][subject]\" required><\/div><div id=\"evf-262-field_message-container\" class=\"evf-field evf-field-textarea form-row validate-required\" data-required-field-message=\"This field is required.\" data-field-id=\"message\"><label class=\"evf-field-label\" for=\"evf-262-field_message\"><span class=\"evf-label\">Message<\/span> <abbr class=\"required\" title=\"Required\">*<\/abbr><\/label><textarea id=\"evf-262-field_message\" class=\"input-text\" name=\"everest_forms[form_fields][message]\" required ><\/textarea><\/div><\/div><\/div><div class=\"evf-frontend-row\" data-row=\"row_2\" conditional_rules=\"[]\"><div class=\"evf-frontend-grid evf-grid-1\" data-grid=\"grid_1\"><div id=\"evf-262-field_iRxTDL3giW-1-container\" class=\"evf-field evf-field-checkbox form-row validate-required\" data-required-field-message=\"Merci de cocher les cases\" data-field-id=\"iRxTDL3giW-1\"><label class=\"evf-field-label\" for=\"evf-262-field_iRxTDL3giW-1\"><span class=\"evf-label\">Je certifie<\/span> <abbr class=\"required\" title=\"Required\">*<\/abbr><\/label><ul id=\"evf-262-field_iRxTDL3giW-1\" class=\" evf-field-required\"><li class=\"choice-1 depth-1\"><input type=\"checkbox\" id=\"evf-262-field_iRxTDL3giW-1_1\" class=\"input-text\" name=\"everest_forms[form_fields][iRxTDL3giW-1][]\" value=\"Je certifie de l&#039;exactitude des informations renseign\u00e9es dans le pr\u00e9sent formulaire.\" required ><label class=\"everest-forms-field-label-inline\" for=\"evf-262-field_iRxTDL3giW-1_1\">Je certifie de l&rsquo;exactitude des informations renseign\u00e9es dans le pr\u00e9sent formulaire.<\/label><\/li><li class=\"choice-2 depth-1\"><input type=\"checkbox\" id=\"evf-262-field_iRxTDL3giW-1_2\" class=\"input-text\" name=\"everest_forms[form_fields][iRxTDL3giW-1][]\" value=\"En soumettant ce formulaire, j&#039;accepte que les informations saisies soient exploit\u00e9es dans le cadre d&#039;une demande de recontacte de la part de SeaToYou et de la relation commerciale qui peut en d\u00e9couler.\" required ><label class=\"everest-forms-field-label-inline\" for=\"evf-262-field_iRxTDL3giW-1_2\">En soumettant ce formulaire, j&rsquo;accepte que les informations saisies soient exploit\u00e9es dans le cadre d&rsquo;une demande de recontacte de la part de SeaToYou et de la relation commerciale qui peut en d\u00e9couler.<\/label><\/li><\/ul><\/div><\/div><\/div><\/div><div class=\"evf-honeypot-container evf-field-hp\"><label for=\"evf-262-field-hp\" class=\"evf-field-label\">Name<\/label><input type=\"text\" name=\"everest_forms[hp]\" id=\"evf-262-field-hp\" class=\"input-text\"><\/div><div class=\"evf-submit-container \" ><input type=\"hidden\" name=\"everest_forms[id]\" value=\"262\"><input type=\"hidden\" name=\"everest_forms[author]\" value=\"2\"><button type='submit' name='everest_forms[submit]' class='everest-forms-submit-button button evf-submit ' id='evf-submit-262' value='evf-submit' data-process-text=\"En cours\u2026\" conditional_rules='&quot;&quot;' conditional_id='evf-submit-262'  id=\"evf-submit-262\" aria-live=\"assertive\">Envoyer<\/button><\/div><\/form><\/div><!-- .evf-container --><\/div>","protected":false},"excerpt":{"rendered":"<p>T\u00e9l\u00e9phone : +33(0) 6 09 98 23 24 Email : johanna@seatoyou-export.fr WeChat: JohannaSeatoyou34160 ou en scannant le QR code ou bien par le biais de<\/p>","protected":false},"author":2,"featured_media":0,"parent":0,"menu_order":0,"comment_status":"closed","ping_status":"closed","template":"","meta":{"footnotes":""},"class_list":["post-301","page","type-page","status-publish","hentry"],"yoast_head":"<!-- This site is optimized with the Yoast SEO plugin v25.6 - https:\/\/yoast.com\/wordpress\/plugins\/seo\/ -->\n<title>SeaToYou \u00e0 votre \u00e9coute - ensemble cr\u00e9ons une v\u00e9ritable SeaNergie<\/title>\n<meta name=\"description\" content=\"Professionnels des produits de la mer, personnalisez votre projet... Ensemble cr\u00e9ons une v\u00e9ritable SeaNergie\" \/>\n<meta name=\"robots\" content=\"index, follow, max-snippet:-1, max-image-preview:large, max-video-preview:-1\" \/>\n<link rel=\"canonical\" href=\"https:\/\/seatoyou-export.fr\/en\/contact-us-now\/\" \/>\n<meta property=\"og:locale\" content=\"en_GB\" \/>\n<meta property=\"og:type\" content=\"article\" \/>\n<meta property=\"og:title\" content=\"SeaToYou \u00e0 votre \u00e9coute - ensemble cr\u00e9ons une v\u00e9ritable SeaNergie\" \/>\n<meta property=\"og:description\" content=\"Professionnels des produits de la mer, personnalisez votre projet... Ensemble cr\u00e9ons une v\u00e9ritable SeaNergie\" \/>\n<meta property=\"og:url\" content=\"https:\/\/seatoyou-export.fr\/en\/contact-us-now\/\" \/>\n<meta property=\"og:site_name\" content=\"SeaToYou\" \/>\n<meta property=\"article:publisher\" content=\"https:\/\/www.facebook.com\/JohannaSeaToYou\/\" \/>\n<meta property=\"article:modified_time\" content=\"2021-05-29T23:49:44+00:00\" \/>\n<meta property=\"og:image\" content=\"https:\/\/seatoyou-export.fr\/wp-content\/uploads\/2020\/11\/Screenshot_20201123_234709_com.tencent.mm_-1.jpg\" \/>\n<meta name=\"twitter:card\" content=\"summary_large_image\" \/>\n<meta name=\"twitter:label1\" content=\"Estimated reading time\" \/>\n\t<meta name=\"twitter:data1\" content=\"1 minute\" \/>\n<script type=\"application\/ld+json\" class=\"yoast-schema-graph\">{\"@context\":\"https:\/\/schema.org\",\"@graph\":[{\"@type\":\"WebPage\",\"@id\":\"https:\/\/seatoyou-export.fr\/contact-us-now\/\",\"url\":\"https:\/\/seatoyou-export.fr\/contact-us-now\/\",\"name\":\"SeaToYou \u00e0 votre \u00e9coute - ensemble cr\u00e9ons une v\u00e9ritable SeaNergie\",\"isPartOf\":{\"@id\":\"https:\/\/seatoyou-export.fr\/#website\"},\"primaryImageOfPage\":{\"@id\":\"https:\/\/seatoyou-export.fr\/contact-us-now\/#primaryimage\"},\"image\":{\"@id\":\"https:\/\/seatoyou-export.fr\/contact-us-now\/#primaryimage\"},\"thumbnailUrl\":\"https:\/\/seatoyou-export.fr\/wp-content\/uploads\/2020\/11\/Screenshot_20201123_234709_com.tencent.mm_-1.jpg\",\"datePublished\":\"2015-07-20T10:39:01+00:00\",\"dateModified\":\"2021-05-29T23:49:44+00:00\",\"description\":\"Professionnels des produits de la mer, personnalisez votre projet... Ensemble cr\u00e9ons une v\u00e9ritable SeaNergie\",\"breadcrumb\":{\"@id\":\"https:\/\/seatoyou-export.fr\/contact-us-now\/#breadcrumb\"},\"inLanguage\":\"en-GB\",\"potentialAction\":[{\"@type\":\"ReadAction\",\"target\":[\"https:\/\/seatoyou-export.fr\/contact-us-now\/\"]}]},{\"@type\":\"ImageObject\",\"inLanguage\":\"en-GB\",\"@id\":\"https:\/\/seatoyou-export.fr\/contact-us-now\/#primaryimage\",\"url\":\"https:\/\/seatoyou-export.fr\/wp-content\/uploads\/2020\/11\/Screenshot_20201123_234709_com.tencent.mm_-1.jpg\",\"contentUrl\":\"https:\/\/seatoyou-export.fr\/wp-content\/uploads\/2020\/11\/Screenshot_20201123_234709_com.tencent.mm_-1.jpg\"},{\"@type\":\"BreadcrumbList\",\"@id\":\"https:\/\/seatoyou-export.fr\/contact-us-now\/#breadcrumb\",\"itemListElement\":[{\"@type\":\"ListItem\",\"position\":1,\"name\":\"Accueil\",\"item\":\"https:\/\/seatoyou-export.fr\/\"},{\"@type\":\"ListItem\",\"position\":2,\"name\":\"SeaToYou \u00e0 votre \u00e9coute\"}]},{\"@type\":\"WebSite\",\"@id\":\"https:\/\/seatoyou-export.fr\/#website\",\"url\":\"https:\/\/seatoyou-export.fr\/\",\"name\":\"SeaToYou\",\"description\":\"Business Developper\",\"publisher\":{\"@id\":\"https:\/\/seatoyou-export.fr\/#organization\"},\"potentialAction\":[{\"@type\":\"SearchAction\",\"target\":{\"@type\":\"EntryPoint\",\"urlTemplate\":\"https:\/\/seatoyou-export.fr\/?s={search_term_string}\"},\"query-input\":{\"@type\":\"PropertyValueSpecification\",\"valueRequired\":true,\"valueName\":\"search_term_string\"}}],\"inLanguage\":\"en-GB\"},{\"@type\":\"Organization\",\"@id\":\"https:\/\/seatoyou-export.fr\/#organization\",\"name\":\"Sea To You\",\"url\":\"https:\/\/seatoyou-export.fr\/\",\"logo\":{\"@type\":\"ImageObject\",\"inLanguage\":\"en-GB\",\"@id\":\"https:\/\/seatoyou-export.fr\/#\/schema\/logo\/image\/\",\"url\":\"https:\/\/seatoyou-export.fr\/wp-content\/uploads\/2020\/11\/cropped-Logo_SeaToYou_Logo-3-copie-2-2.png\",\"contentUrl\":\"https:\/\/seatoyou-export.fr\/wp-content\/uploads\/2020\/11\/cropped-Logo_SeaToYou_Logo-3-copie-2-2.png\",\"width\":378,\"height\":378,\"caption\":\"Sea To You\"},\"image\":{\"@id\":\"https:\/\/seatoyou-export.fr\/#\/schema\/logo\/image\/\"},\"sameAs\":[\"https:\/\/www.facebook.com\/JohannaSeaToYou\/\",\"https:\/\/www.linkedin.com\/in\/seatoyou\/?originalSubdomain=fr\"]}]}<\/script>\n<!-- \/ Yoast SEO plugin. -->","yoast_head_json":{"title":"SeaToYou \u00e0 votre \u00e9coute - ensemble cr\u00e9ons une v\u00e9ritable SeaNergie","description":"Professionnels des produits de la mer, personnalisez votre projet... Ensemble cr\u00e9ons une v\u00e9ritable SeaNergie","robots":{"index":"index","follow":"follow","max-snippet":"max-snippet:-1","max-image-preview":"max-image-preview:large","max-video-preview":"max-video-preview:-1"},"canonical":"https:\/\/seatoyou-export.fr\/en\/contact-us-now\/","og_locale":"en_GB","og_type":"article","og_title":"SeaToYou \u00e0 votre \u00e9coute - ensemble cr\u00e9ons une v\u00e9ritable SeaNergie","og_description":"Professionnels des produits de la mer, personnalisez votre projet... Ensemble cr\u00e9ons une v\u00e9ritable SeaNergie","og_url":"https:\/\/seatoyou-export.fr\/en\/contact-us-now\/","og_site_name":"SeaToYou","article_publisher":"https:\/\/www.facebook.com\/JohannaSeaToYou\/","article_modified_time":"2021-05-29T23:49:44+00:00","og_image":[{"url":"https:\/\/seatoyou-export.fr\/wp-content\/uploads\/2020\/11\/Screenshot_20201123_234709_com.tencent.mm_-1.jpg","type":"","width":"","height":""}],"twitter_card":"summary_large_image","twitter_misc":{"Estimated reading time":"1 minute"},"schema":{"@context":"https:\/\/schema.org","@graph":[{"@type":"WebPage","@id":"https:\/\/seatoyou-export.fr\/contact-us-now\/","url":"https:\/\/seatoyou-export.fr\/contact-us-now\/","name":"SeaToYou \u00e0 votre \u00e9coute - ensemble cr\u00e9ons une v\u00e9ritable SeaNergie","isPartOf":{"@id":"https:\/\/seatoyou-export.fr\/#website"},"primaryImageOfPage":{"@id":"https:\/\/seatoyou-export.fr\/contact-us-now\/#primaryimage"},"image":{"@id":"https:\/\/seatoyou-export.fr\/contact-us-now\/#primaryimage"},"thumbnailUrl":"https:\/\/seatoyou-export.fr\/wp-content\/uploads\/2020\/11\/Screenshot_20201123_234709_com.tencent.mm_-1.jpg","datePublished":"2015-07-20T10:39:01+00:00","dateModified":"2021-05-29T23:49:44+00:00","description":"Professionnels des produits de la mer, personnalisez votre projet... Ensemble cr\u00e9ons une v\u00e9ritable SeaNergie","breadcrumb":{"@id":"https:\/\/seatoyou-export.fr\/contact-us-now\/#breadcrumb"},"inLanguage":"en-GB","potentialAction":[{"@type":"ReadAction","target":["https:\/\/seatoyou-export.fr\/contact-us-now\/"]}]},{"@type":"ImageObject","inLanguage":"en-GB","@id":"https:\/\/seatoyou-export.fr\/contact-us-now\/#primaryimage","url":"https:\/\/seatoyou-export.fr\/wp-content\/uploads\/2020\/11\/Screenshot_20201123_234709_com.tencent.mm_-1.jpg","contentUrl":"https:\/\/seatoyou-export.fr\/wp-content\/uploads\/2020\/11\/Screenshot_20201123_234709_com.tencent.mm_-1.jpg"},{"@type":"BreadcrumbList","@id":"https:\/\/seatoyou-export.fr\/contact-us-now\/#breadcrumb","itemListElement":[{"@type":"ListItem","position":1,"name":"Accueil","item":"https:\/\/seatoyou-export.fr\/"},{"@type":"ListItem","position":2,"name":"SeaToYou \u00e0 votre \u00e9coute"}]},{"@type":"WebSite","@id":"https:\/\/seatoyou-export.fr\/#website","url":"https:\/\/seatoyou-export.fr\/","name":"SeaToYou","description":"Business Developper","publisher":{"@id":"https:\/\/seatoyou-export.fr\/#organization"},"potentialAction":[{"@type":"SearchAction","target":{"@type":"EntryPoint","urlTemplate":"https:\/\/seatoyou-export.fr\/?s={search_term_string}"},"query-input":{"@type":"PropertyValueSpecification","valueRequired":true,"valueName":"search_term_string"}}],"inLanguage":"en-GB"},{"@type":"Organization","@id":"https:\/\/seatoyou-export.fr\/#organization","name":"Sea To You","url":"https:\/\/seatoyou-export.fr\/","logo":{"@type":"ImageObject","inLanguage":"en-GB","@id":"https:\/\/seatoyou-export.fr\/#\/schema\/logo\/image\/","url":"https:\/\/seatoyou-export.fr\/wp-content\/uploads\/2020\/11\/cropped-Logo_SeaToYou_Logo-3-copie-2-2.png","contentUrl":"https:\/\/seatoyou-export.fr\/wp-content\/uploads\/2020\/11\/cropped-Logo_SeaToYou_Logo-3-copie-2-2.png","width":378,"height":378,"caption":"Sea To You"},"image":{"@id":"https:\/\/seatoyou-export.fr\/#\/schema\/logo\/image\/"},"sameAs":["https:\/\/www.facebook.com\/JohannaSeaToYou\/","https:\/\/www.linkedin.com\/in\/seatoyou\/?originalSubdomain=fr"]}]}},"_links":{"self":[{"href":"https:\/\/seatoyou-export.fr\/en\/wp-json\/wp\/v2\/pages\/301"}],"collection":[{"href":"https:\/\/seatoyou-export.fr\/en\/wp-json\/wp\/v2\/pages"}],"about":[{"href":"https:\/\/seatoyou-export.fr\/en\/wp-json\/wp\/v2\/types\/page"}],"author":[{"embeddable":true,"href":"https:\/\/seatoyou-export.fr\/en\/wp-json\/wp\/v2\/users\/2"}],"replies":[{"embeddable":true,"href":"https:\/\/seatoyou-export.fr\/en\/wp-json\/wp\/v2\/comments?post=301"}],"version-history":[{"count":29,"href":"https:\/\/seatoyou-export.fr\/en\/wp-json\/wp\/v2\/pages\/301\/revisions"}],"predecessor-version":[{"id":803,"href":"https:\/\/seatoyou-export.fr\/en\/wp-json\/wp\/v2\/pages\/301\/revisions\/803"}],"wp:attachment":[{"href":"https:\/\/seatoyou-export.fr\/en\/wp-json\/wp\/v2\/media?parent=301"}],"curies":[{"name":"wp","href":"https:\/\/api.w.org\/{rel}","templated":true}]}}