{"id":302,"date":"2015-07-20T10:47:34","date_gmt":"2015-07-20T10:47:34","guid":{"rendered":"http:\/\/demo.themegrill.com\/himalayas\/?page_id=51"},"modified":"2020-11-17T15:03:24","modified_gmt":"2020-11-17T15:03:24","slug":"alpha-ocean","status":"publish","type":"page","link":"https:\/\/seatoyou-export.fr\/en\/alpha-ocean\/","title":{"rendered":"Alpha Ocean"},"content":{"rendered":"<p>Aquarium Systems, fabricant de sel pour aquarium depuis 1964 et leader mondial,\u00a0 souhaitait d\u00e9velopper un nouveau projet de R&amp;D : un sel pour reconstituer une eau de mer adapt\u00e9e \u00e0 l\u2019aquaculture. Depuis plusieurs mois, ils ont confi\u00e9 ce projet \u00e0 SeaToYou afin de cr\u00e9er une nouvelle marque. De la cr\u00e9ation du projet \u00e0 la r\u00e9alisation en passant par la communication et les exp\u00e9riences scientifiques : SeaToYou est \u00e0 leur c\u00f4t\u00e9s.<\/p>\n<p>Like <strong><a href=\"http:\/\/www.alphaocean.eu\">Alpha Ocean<\/a><\/strong>, if you're looking for a new brand, entrust us with your branding needs and position yourself in an innovative market.<\/p>","protected":false},"excerpt":{"rendered":"<p>Aquarium Systems, manufacturer of salt for aquariums since 1964 and world leader, was developing a new R&amp;D project: a salt to reconstitute seawater suitable for aquaculture. For several months, they entrusted this project to SeaToYou in order to create a new brand. From the creation of the project to its realisation, including communication and scientific experiments.<\/p>\n<p>Like <strong><a href=\"http:\/\/www.alphaocean.eu\">Alpha Ocean<\/a><\/strong>, if you're looking for a new brand, entrust us with your branding needs and position yourself in an innovative market.<\/p>","protected":false},"author":2,"featured_media":592,"parent":0,"menu_order":0,"comment_status":"closed","ping_status":"closed","template":"page-templates\/template-services.php","meta":{"footnotes":""},"class_list":["post-302","page","type-page","status-publish","has-post-thumbnail","hentry"],"yoast_head":"<!-- This site is optimized with the Yoast SEO plugin v25.6 - https:\/\/yoast.com\/wordpress\/plugins\/seo\/ -->\n<title>Alpha Ocean - SeaToYou<\/title>\n<meta name=\"description\" content=\"Comme Alpha Ocean, confiez-nous vos besoins en cr\u00e9ation de marque et positionnez-vous sur un march\u00e9 novateur.\" \/>\n<meta name=\"robots\" content=\"index, follow, max-snippet:-1, max-image-preview:large, max-video-preview:-1\" \/>\n<link rel=\"canonical\" href=\"https:\/\/seatoyou-export.fr\/en\/alpha-ocean\/\" \/>\n<meta property=\"og:locale\" content=\"en_GB\" \/>\n<meta property=\"og:type\" content=\"article\" \/>\n<meta property=\"og:title\" content=\"Alpha Ocean - SeaToYou\" \/>\n<meta property=\"og:description\" content=\"Comme Alpha Ocean, confiez-nous vos besoins en cr\u00e9ation de marque et positionnez-vous sur un march\u00e9 novateur.\" \/>\n<meta property=\"og:url\" content=\"https:\/\/seatoyou-export.fr\/en\/alpha-ocean\/\" \/>\n<meta property=\"og:site_name\" content=\"SeaToYou\" \/>\n<meta property=\"article:publisher\" content=\"https:\/\/www.facebook.com\/JohannaSeaToYou\/\" \/>\n<meta property=\"article:modified_time\" content=\"2020-11-17T15:03:24+00:00\" \/>\n<meta property=\"og:image\" content=\"https:\/\/seatoyou-export.fr\/wp-content\/uploads\/2020\/11\/Logo-Alpha-Ocean-seatoyou.png\" \/>\n\t<meta property=\"og:image:width\" content=\"381\" \/>\n\t<meta property=\"og:image:height\" content=\"227\" \/>\n\t<meta property=\"og:image:type\" content=\"image\/png\" \/>\n<meta name=\"twitter:card\" content=\"summary_large_image\" \/>\n<script type=\"application\/ld+json\" class=\"yoast-schema-graph\">{\"@context\":\"https:\/\/schema.org\",\"@graph\":[{\"@type\":\"WebPage\",\"@id\":\"https:\/\/seatoyou-export.fr\/alpha-ocean\/\",\"url\":\"https:\/\/seatoyou-export.fr\/alpha-ocean\/\",\"name\":\"Alpha Ocean - SeaToYou\",\"isPartOf\":{\"@id\":\"https:\/\/seatoyou-export.fr\/#website\"},\"primaryImageOfPage\":{\"@id\":\"https:\/\/seatoyou-export.fr\/alpha-ocean\/#primaryimage\"},\"image\":{\"@id\":\"https:\/\/seatoyou-export.fr\/alpha-ocean\/#primaryimage\"},\"thumbnailUrl\":\"https:\/\/seatoyou-export.fr\/wp-content\/uploads\/2020\/11\/Logo-Alpha-Ocean-seatoyou.png\",\"datePublished\":\"2015-07-20T10:47:34+00:00\",\"dateModified\":\"2020-11-17T15:03:24+00:00\",\"description\":\"Comme Alpha Ocean, confiez-nous vos besoins en cr\u00e9ation de marque et positionnez-vous sur un march\u00e9 novateur.\",\"breadcrumb\":{\"@id\":\"https:\/\/seatoyou-export.fr\/alpha-ocean\/#breadcrumb\"},\"inLanguage\":\"en-GB\",\"potentialAction\":[{\"@type\":\"ReadAction\",\"target\":[\"https:\/\/seatoyou-export.fr\/alpha-ocean\/\"]}]},{\"@type\":\"ImageObject\",\"inLanguage\":\"en-GB\",\"@id\":\"https:\/\/seatoyou-export.fr\/alpha-ocean\/#primaryimage\",\"url\":\"https:\/\/seatoyou-export.fr\/wp-content\/uploads\/2020\/11\/Logo-Alpha-Ocean-seatoyou.png\",\"contentUrl\":\"https:\/\/seatoyou-export.fr\/wp-content\/uploads\/2020\/11\/Logo-Alpha-Ocean-seatoyou.png\",\"width\":381,\"height\":227,\"caption\":\"alphaocean seatoyou\"},{\"@type\":\"BreadcrumbList\",\"@id\":\"https:\/\/seatoyou-export.fr\/alpha-ocean\/#breadcrumb\",\"itemListElement\":[{\"@type\":\"ListItem\",\"position\":1,\"name\":\"Accueil\",\"item\":\"https:\/\/seatoyou-export.fr\/\"},{\"@type\":\"ListItem\",\"position\":2,\"name\":\"Alpha Ocean\"}]},{\"@type\":\"WebSite\",\"@id\":\"https:\/\/seatoyou-export.fr\/#website\",\"url\":\"https:\/\/seatoyou-export.fr\/\",\"name\":\"SeaToYou\",\"description\":\"Business Developper\",\"publisher\":{\"@id\":\"https:\/\/seatoyou-export.fr\/#organization\"},\"potentialAction\":[{\"@type\":\"SearchAction\",\"target\":{\"@type\":\"EntryPoint\",\"urlTemplate\":\"https:\/\/seatoyou-export.fr\/?s={search_term_string}\"},\"query-input\":{\"@type\":\"PropertyValueSpecification\",\"valueRequired\":true,\"valueName\":\"search_term_string\"}}],\"inLanguage\":\"en-GB\"},{\"@type\":\"Organization\",\"@id\":\"https:\/\/seatoyou-export.fr\/#organization\",\"name\":\"Sea To You\",\"url\":\"https:\/\/seatoyou-export.fr\/\",\"logo\":{\"@type\":\"ImageObject\",\"inLanguage\":\"en-GB\",\"@id\":\"https:\/\/seatoyou-export.fr\/#\/schema\/logo\/image\/\",\"url\":\"https:\/\/seatoyou-export.fr\/wp-content\/uploads\/2020\/11\/cropped-Logo_SeaToYou_Logo-3-copie-2-2.png\",\"contentUrl\":\"https:\/\/seatoyou-export.fr\/wp-content\/uploads\/2020\/11\/cropped-Logo_SeaToYou_Logo-3-copie-2-2.png\",\"width\":378,\"height\":378,\"caption\":\"Sea To You\"},\"image\":{\"@id\":\"https:\/\/seatoyou-export.fr\/#\/schema\/logo\/image\/\"},\"sameAs\":[\"https:\/\/www.facebook.com\/JohannaSeaToYou\/\",\"https:\/\/www.linkedin.com\/in\/seatoyou\/?originalSubdomain=fr\"]}]}<\/script>\n<!-- \/ Yoast SEO plugin. -->","yoast_head_json":{"title":"Alpha Ocean - SeaToYou","description":"Comme Alpha Ocean, confiez-nous vos besoins en cr\u00e9ation de marque et positionnez-vous sur un march\u00e9 novateur.","robots":{"index":"index","follow":"follow","max-snippet":"max-snippet:-1","max-image-preview":"max-image-preview:large","max-video-preview":"max-video-preview:-1"},"canonical":"https:\/\/seatoyou-export.fr\/en\/alpha-ocean\/","og_locale":"en_GB","og_type":"article","og_title":"Alpha Ocean - SeaToYou","og_description":"Comme Alpha Ocean, confiez-nous vos besoins en cr\u00e9ation de marque et positionnez-vous sur un march\u00e9 novateur.","og_url":"https:\/\/seatoyou-export.fr\/en\/alpha-ocean\/","og_site_name":"SeaToYou","article_publisher":"https:\/\/www.facebook.com\/JohannaSeaToYou\/","article_modified_time":"2020-11-17T15:03:24+00:00","og_image":[{"width":381,"height":227,"url":"https:\/\/seatoyou-export.fr\/wp-content\/uploads\/2020\/11\/Logo-Alpha-Ocean-seatoyou.png","type":"image\/png"}],"twitter_card":"summary_large_image","schema":{"@context":"https:\/\/schema.org","@graph":[{"@type":"WebPage","@id":"https:\/\/seatoyou-export.fr\/alpha-ocean\/","url":"https:\/\/seatoyou-export.fr\/alpha-ocean\/","name":"Alpha Ocean - SeaToYou","isPartOf":{"@id":"https:\/\/seatoyou-export.fr\/#website"},"primaryImageOfPage":{"@id":"https:\/\/seatoyou-export.fr\/alpha-ocean\/#primaryimage"},"image":{"@id":"https:\/\/seatoyou-export.fr\/alpha-ocean\/#primaryimage"},"thumbnailUrl":"https:\/\/seatoyou-export.fr\/wp-content\/uploads\/2020\/11\/Logo-Alpha-Ocean-seatoyou.png","datePublished":"2015-07-20T10:47:34+00:00","dateModified":"2020-11-17T15:03:24+00:00","description":"Comme Alpha Ocean, confiez-nous vos besoins en cr\u00e9ation de marque et positionnez-vous sur un march\u00e9 novateur.","breadcrumb":{"@id":"https:\/\/seatoyou-export.fr\/alpha-ocean\/#breadcrumb"},"inLanguage":"en-GB","potentialAction":[{"@type":"ReadAction","target":["https:\/\/seatoyou-export.fr\/alpha-ocean\/"]}]},{"@type":"ImageObject","inLanguage":"en-GB","@id":"https:\/\/seatoyou-export.fr\/alpha-ocean\/#primaryimage","url":"https:\/\/seatoyou-export.fr\/wp-content\/uploads\/2020\/11\/Logo-Alpha-Ocean-seatoyou.png","contentUrl":"https:\/\/seatoyou-export.fr\/wp-content\/uploads\/2020\/11\/Logo-Alpha-Ocean-seatoyou.png","width":381,"height":227,"caption":"alphaocean seatoyou"},{"@type":"BreadcrumbList","@id":"https:\/\/seatoyou-export.fr\/alpha-ocean\/#breadcrumb","itemListElement":[{"@type":"ListItem","position":1,"name":"Accueil","item":"https:\/\/seatoyou-export.fr\/"},{"@type":"ListItem","position":2,"name":"Alpha Ocean"}]},{"@type":"WebSite","@id":"https:\/\/seatoyou-export.fr\/#website","url":"https:\/\/seatoyou-export.fr\/","name":"SeaToYou","description":"Business Developper","publisher":{"@id":"https:\/\/seatoyou-export.fr\/#organization"},"potentialAction":[{"@type":"SearchAction","target":{"@type":"EntryPoint","urlTemplate":"https:\/\/seatoyou-export.fr\/?s={search_term_string}"},"query-input":{"@type":"PropertyValueSpecification","valueRequired":true,"valueName":"search_term_string"}}],"inLanguage":"en-GB"},{"@type":"Organization","@id":"https:\/\/seatoyou-export.fr\/#organization","name":"Sea To You","url":"https:\/\/seatoyou-export.fr\/","logo":{"@type":"ImageObject","inLanguage":"en-GB","@id":"https:\/\/seatoyou-export.fr\/#\/schema\/logo\/image\/","url":"https:\/\/seatoyou-export.fr\/wp-content\/uploads\/2020\/11\/cropped-Logo_SeaToYou_Logo-3-copie-2-2.png","contentUrl":"https:\/\/seatoyou-export.fr\/wp-content\/uploads\/2020\/11\/cropped-Logo_SeaToYou_Logo-3-copie-2-2.png","width":378,"height":378,"caption":"Sea To You"},"image":{"@id":"https:\/\/seatoyou-export.fr\/#\/schema\/logo\/image\/"},"sameAs":["https:\/\/www.facebook.com\/JohannaSeaToYou\/","https:\/\/www.linkedin.com\/in\/seatoyou\/?originalSubdomain=fr"]}]}},"_links":{"self":[{"href":"https:\/\/seatoyou-export.fr\/en\/wp-json\/wp\/v2\/pages\/302"}],"collection":[{"href":"https:\/\/seatoyou-export.fr\/en\/wp-json\/wp\/v2\/pages"}],"about":[{"href":"https:\/\/seatoyou-export.fr\/en\/wp-json\/wp\/v2\/types\/page"}],"author":[{"embeddable":true,"href":"https:\/\/seatoyou-export.fr\/en\/wp-json\/wp\/v2\/users\/2"}],"replies":[{"embeddable":true,"href":"https:\/\/seatoyou-export.fr\/en\/wp-json\/wp\/v2\/comments?post=302"}],"version-history":[{"count":15,"href":"https:\/\/seatoyou-export.fr\/en\/wp-json\/wp\/v2\/pages\/302\/revisions"}],"predecessor-version":[{"id":697,"href":"https:\/\/seatoyou-export.fr\/en\/wp-json\/wp\/v2\/pages\/302\/revisions\/697"}],"wp:featuredmedia":[{"embeddable":true,"href":"https:\/\/seatoyou-export.fr\/en\/wp-json\/wp\/v2\/media\/592"}],"wp:attachment":[{"href":"https:\/\/seatoyou-export.fr\/en\/wp-json\/wp\/v2\/media?parent=302"}],"curies":[{"name":"wp","href":"https:\/\/api.w.org\/{rel}","templated":true}]}}