{"id":308,"date":"2015-07-20T11:18:33","date_gmt":"2015-07-20T11:18:33","guid":{"rendered":"http:\/\/demo.themegrill.com\/himalayas\/?page_id=64"},"modified":"2020-11-29T10:34:47","modified_gmt":"2020-11-29T10:34:47","slug":"thomas-bertschy","status":"publish","type":"page","link":"https:\/\/seatoyou-export.fr\/en\/thomas-bertschy\/","title":{"rendered":"Thomas Bertschy"},"content":{"rendered":"<div class=\"wp-block-group\"><div class=\"wp-block-group__inner-container is-layout-flow wp-block-group-is-layout-flow\">\n<p><img loading=\"lazy\" decoding=\"async\" class=\"wp-image-743 alignleft\" src=\"https:\/\/seatoyou-export.fr\/wp-content\/uploads\/2020\/11\/Thomas-Bertschy-3-1-300x300.jpeg\" alt=\"thomas-bertschy-aquarium_system_seatoyou\" width=\"194\" height=\"194\" srcset=\"https:\/\/seatoyou-export.fr\/wp-content\/uploads\/2020\/11\/Thomas-Bertschy-3-1-300x300.jpeg 300w, https:\/\/seatoyou-export.fr\/wp-content\/uploads\/2020\/11\/Thomas-Bertschy-3-1-150x150.jpeg 150w, https:\/\/seatoyou-export.fr\/wp-content\/uploads\/2020\/11\/Thomas-Bertschy-3-1-768x768.jpeg 768w, https:\/\/seatoyou-export.fr\/wp-content\/uploads\/2020\/11\/Thomas-Bertschy-3-1-12x12.jpeg 12w, https:\/\/seatoyou-export.fr\/wp-content\/uploads\/2020\/11\/Thomas-Bertschy-3-1.jpeg 800w\" sizes=\"(max-width: 194px) 100vw, 194px\" \/>SeaToYou is truly a first-rate partner when it comes to aquaculture. The commercial and marketing approach is complemented by a very good technical and biological understanding. The advice is always proactive and allows for an accelerated development of your projects.<\/p>\n<p><i class=\"fa fa-linkedin\"> <\/i> <a href=\"https:\/\/www.linkedin.com\/in\/thomas-bertschy-955928102\/?fbclid=IwAR2LZLo3XcN9XHG6kPqe9E6VD8bCrzvDDfFcOR4XHjMBWPU6b-GZ7VRSGyk\"><strong> Thomas Bertschy<\/strong><\/a> - Managing Director at <a href=\"https:\/\/www.aquariumsystems.fr\/\"><strong>Aquarium System<\/strong>.<\/a><\/p>\n\n\n\n<p><\/p>\n<\/div><\/div>\n\n\n\n<p><\/p>","protected":false},"excerpt":{"rendered":"<p>SeaToYou est vraiment un partenaire de premier ordre lorsque l&rsquo;on parle d&rsquo;aquaculture. L&rsquo;approche commerciale et marketing est compl\u00e9t\u00e9e par une tr\u00e8s bonne..<\/p>","protected":false},"author":2,"featured_media":743,"parent":0,"menu_order":0,"comment_status":"closed","ping_status":"closed","template":"page-templates\/template-team.php","meta":{"footnotes":""},"class_list":["post-308","page","type-page","status-publish","has-post-thumbnail","hentry"],"yoast_head":"<!-- This site is optimized with the Yoast SEO plugin v25.6 - https:\/\/yoast.com\/wordpress\/plugins\/seo\/ -->\n<title>Thomas Bertschy parle de sa collaboration avec SeaToYou<\/title>\n<meta name=\"description\" content=\"Damien Einsarguex d&#039;Aquasrium System parle de SeaToYou dans le cadre du partenariat avec Ecocean et le sel AlphaOcean.\" \/>\n<meta name=\"robots\" content=\"index, follow, max-snippet:-1, max-image-preview:large, max-video-preview:-1\" \/>\n<link rel=\"canonical\" href=\"https:\/\/seatoyou-export.fr\/en\/thomas-bertschy\/\" \/>\n<meta property=\"og:locale\" content=\"en_GB\" \/>\n<meta property=\"og:type\" content=\"article\" \/>\n<meta property=\"og:title\" content=\"Thomas Bertschy parle de sa collaboration avec SeaToYou\" \/>\n<meta property=\"og:description\" content=\"Damien Einsarguex d&#039;Aquasrium System parle de SeaToYou dans le cadre du partenariat avec Ecocean et le sel AlphaOcean.\" \/>\n<meta property=\"og:url\" content=\"https:\/\/seatoyou-export.fr\/en\/thomas-bertschy\/\" \/>\n<meta property=\"og:site_name\" content=\"SeaToYou\" \/>\n<meta property=\"article:publisher\" content=\"https:\/\/www.facebook.com\/JohannaSeaToYou\/\" \/>\n<meta property=\"article:modified_time\" content=\"2020-11-29T10:34:47+00:00\" \/>\n<meta property=\"og:image\" content=\"https:\/\/seatoyou-export.fr\/wp-content\/uploads\/2020\/11\/Thomas-Bertschy-3-1.jpeg\" \/>\n\t<meta property=\"og:image:width\" content=\"800\" \/>\n\t<meta property=\"og:image:height\" content=\"800\" \/>\n\t<meta property=\"og:image:type\" content=\"image\/jpeg\" \/>\n<meta name=\"twitter:card\" content=\"summary_large_image\" \/>\n<script type=\"application\/ld+json\" class=\"yoast-schema-graph\">{\"@context\":\"https:\/\/schema.org\",\"@graph\":[{\"@type\":\"WebPage\",\"@id\":\"https:\/\/seatoyou-export.fr\/thomas-bertschy\/\",\"url\":\"https:\/\/seatoyou-export.fr\/thomas-bertschy\/\",\"name\":\"Thomas Bertschy parle de sa collaboration avec SeaToYou\",\"isPartOf\":{\"@id\":\"https:\/\/seatoyou-export.fr\/#website\"},\"primaryImageOfPage\":{\"@id\":\"https:\/\/seatoyou-export.fr\/thomas-bertschy\/#primaryimage\"},\"image\":{\"@id\":\"https:\/\/seatoyou-export.fr\/thomas-bertschy\/#primaryimage\"},\"thumbnailUrl\":\"https:\/\/seatoyou-export.fr\/wp-content\/uploads\/2020\/11\/Thomas-Bertschy-3-1.jpeg\",\"datePublished\":\"2015-07-20T11:18:33+00:00\",\"dateModified\":\"2020-11-29T10:34:47+00:00\",\"description\":\"Damien Einsarguex d'Aquasrium System parle de SeaToYou dans le cadre du partenariat avec Ecocean et le sel AlphaOcean.\",\"breadcrumb\":{\"@id\":\"https:\/\/seatoyou-export.fr\/thomas-bertschy\/#breadcrumb\"},\"inLanguage\":\"en-GB\",\"potentialAction\":[{\"@type\":\"ReadAction\",\"target\":[\"https:\/\/seatoyou-export.fr\/thomas-bertschy\/\"]}]},{\"@type\":\"ImageObject\",\"inLanguage\":\"en-GB\",\"@id\":\"https:\/\/seatoyou-export.fr\/thomas-bertschy\/#primaryimage\",\"url\":\"https:\/\/seatoyou-export.fr\/wp-content\/uploads\/2020\/11\/Thomas-Bertschy-3-1.jpeg\",\"contentUrl\":\"https:\/\/seatoyou-export.fr\/wp-content\/uploads\/2020\/11\/Thomas-Bertschy-3-1.jpeg\",\"width\":800,\"height\":800,\"caption\":\"thomas-bertschy-aquarium_system_seatoyou\"},{\"@type\":\"BreadcrumbList\",\"@id\":\"https:\/\/seatoyou-export.fr\/thomas-bertschy\/#breadcrumb\",\"itemListElement\":[{\"@type\":\"ListItem\",\"position\":1,\"name\":\"Accueil\",\"item\":\"https:\/\/seatoyou-export.fr\/\"},{\"@type\":\"ListItem\",\"position\":2,\"name\":\"Thomas Bertschy\"}]},{\"@type\":\"WebSite\",\"@id\":\"https:\/\/seatoyou-export.fr\/#website\",\"url\":\"https:\/\/seatoyou-export.fr\/\",\"name\":\"SeaToYou\",\"description\":\"Business Developper\",\"publisher\":{\"@id\":\"https:\/\/seatoyou-export.fr\/#organization\"},\"potentialAction\":[{\"@type\":\"SearchAction\",\"target\":{\"@type\":\"EntryPoint\",\"urlTemplate\":\"https:\/\/seatoyou-export.fr\/?s={search_term_string}\"},\"query-input\":{\"@type\":\"PropertyValueSpecification\",\"valueRequired\":true,\"valueName\":\"search_term_string\"}}],\"inLanguage\":\"en-GB\"},{\"@type\":\"Organization\",\"@id\":\"https:\/\/seatoyou-export.fr\/#organization\",\"name\":\"Sea To You\",\"url\":\"https:\/\/seatoyou-export.fr\/\",\"logo\":{\"@type\":\"ImageObject\",\"inLanguage\":\"en-GB\",\"@id\":\"https:\/\/seatoyou-export.fr\/#\/schema\/logo\/image\/\",\"url\":\"https:\/\/seatoyou-export.fr\/wp-content\/uploads\/2020\/11\/cropped-Logo_SeaToYou_Logo-3-copie-2-2.png\",\"contentUrl\":\"https:\/\/seatoyou-export.fr\/wp-content\/uploads\/2020\/11\/cropped-Logo_SeaToYou_Logo-3-copie-2-2.png\",\"width\":378,\"height\":378,\"caption\":\"Sea To You\"},\"image\":{\"@id\":\"https:\/\/seatoyou-export.fr\/#\/schema\/logo\/image\/\"},\"sameAs\":[\"https:\/\/www.facebook.com\/JohannaSeaToYou\/\",\"https:\/\/www.linkedin.com\/in\/seatoyou\/?originalSubdomain=fr\"]}]}<\/script>\n<!-- \/ Yoast SEO plugin. -->","yoast_head_json":{"title":"Thomas Bertschy parle de sa collaboration avec SeaToYou","description":"Damien Einsarguex d'Aquasrium System parle de SeaToYou dans le cadre du partenariat avec Ecocean et le sel AlphaOcean.","robots":{"index":"index","follow":"follow","max-snippet":"max-snippet:-1","max-image-preview":"max-image-preview:large","max-video-preview":"max-video-preview:-1"},"canonical":"https:\/\/seatoyou-export.fr\/en\/thomas-bertschy\/","og_locale":"en_GB","og_type":"article","og_title":"Thomas Bertschy parle de sa collaboration avec SeaToYou","og_description":"Damien Einsarguex d'Aquasrium System parle de SeaToYou dans le cadre du partenariat avec Ecocean et le sel AlphaOcean.","og_url":"https:\/\/seatoyou-export.fr\/en\/thomas-bertschy\/","og_site_name":"SeaToYou","article_publisher":"https:\/\/www.facebook.com\/JohannaSeaToYou\/","article_modified_time":"2020-11-29T10:34:47+00:00","og_image":[{"width":800,"height":800,"url":"https:\/\/seatoyou-export.fr\/wp-content\/uploads\/2020\/11\/Thomas-Bertschy-3-1.jpeg","type":"image\/jpeg"}],"twitter_card":"summary_large_image","schema":{"@context":"https:\/\/schema.org","@graph":[{"@type":"WebPage","@id":"https:\/\/seatoyou-export.fr\/thomas-bertschy\/","url":"https:\/\/seatoyou-export.fr\/thomas-bertschy\/","name":"Thomas Bertschy parle de sa collaboration avec SeaToYou","isPartOf":{"@id":"https:\/\/seatoyou-export.fr\/#website"},"primaryImageOfPage":{"@id":"https:\/\/seatoyou-export.fr\/thomas-bertschy\/#primaryimage"},"image":{"@id":"https:\/\/seatoyou-export.fr\/thomas-bertschy\/#primaryimage"},"thumbnailUrl":"https:\/\/seatoyou-export.fr\/wp-content\/uploads\/2020\/11\/Thomas-Bertschy-3-1.jpeg","datePublished":"2015-07-20T11:18:33+00:00","dateModified":"2020-11-29T10:34:47+00:00","description":"Damien Einsarguex d'Aquasrium System parle de SeaToYou dans le cadre du partenariat avec Ecocean et le sel AlphaOcean.","breadcrumb":{"@id":"https:\/\/seatoyou-export.fr\/thomas-bertschy\/#breadcrumb"},"inLanguage":"en-GB","potentialAction":[{"@type":"ReadAction","target":["https:\/\/seatoyou-export.fr\/thomas-bertschy\/"]}]},{"@type":"ImageObject","inLanguage":"en-GB","@id":"https:\/\/seatoyou-export.fr\/thomas-bertschy\/#primaryimage","url":"https:\/\/seatoyou-export.fr\/wp-content\/uploads\/2020\/11\/Thomas-Bertschy-3-1.jpeg","contentUrl":"https:\/\/seatoyou-export.fr\/wp-content\/uploads\/2020\/11\/Thomas-Bertschy-3-1.jpeg","width":800,"height":800,"caption":"thomas-bertschy-aquarium_system_seatoyou"},{"@type":"BreadcrumbList","@id":"https:\/\/seatoyou-export.fr\/thomas-bertschy\/#breadcrumb","itemListElement":[{"@type":"ListItem","position":1,"name":"Accueil","item":"https:\/\/seatoyou-export.fr\/"},{"@type":"ListItem","position":2,"name":"Thomas Bertschy"}]},{"@type":"WebSite","@id":"https:\/\/seatoyou-export.fr\/#website","url":"https:\/\/seatoyou-export.fr\/","name":"SeaToYou","description":"Business Developper","publisher":{"@id":"https:\/\/seatoyou-export.fr\/#organization"},"potentialAction":[{"@type":"SearchAction","target":{"@type":"EntryPoint","urlTemplate":"https:\/\/seatoyou-export.fr\/?s={search_term_string}"},"query-input":{"@type":"PropertyValueSpecification","valueRequired":true,"valueName":"search_term_string"}}],"inLanguage":"en-GB"},{"@type":"Organization","@id":"https:\/\/seatoyou-export.fr\/#organization","name":"Sea To You","url":"https:\/\/seatoyou-export.fr\/","logo":{"@type":"ImageObject","inLanguage":"en-GB","@id":"https:\/\/seatoyou-export.fr\/#\/schema\/logo\/image\/","url":"https:\/\/seatoyou-export.fr\/wp-content\/uploads\/2020\/11\/cropped-Logo_SeaToYou_Logo-3-copie-2-2.png","contentUrl":"https:\/\/seatoyou-export.fr\/wp-content\/uploads\/2020\/11\/cropped-Logo_SeaToYou_Logo-3-copie-2-2.png","width":378,"height":378,"caption":"Sea To You"},"image":{"@id":"https:\/\/seatoyou-export.fr\/#\/schema\/logo\/image\/"},"sameAs":["https:\/\/www.facebook.com\/JohannaSeaToYou\/","https:\/\/www.linkedin.com\/in\/seatoyou\/?originalSubdomain=fr"]}]}},"_links":{"self":[{"href":"https:\/\/seatoyou-export.fr\/en\/wp-json\/wp\/v2\/pages\/308"}],"collection":[{"href":"https:\/\/seatoyou-export.fr\/en\/wp-json\/wp\/v2\/pages"}],"about":[{"href":"https:\/\/seatoyou-export.fr\/en\/wp-json\/wp\/v2\/types\/page"}],"author":[{"embeddable":true,"href":"https:\/\/seatoyou-export.fr\/en\/wp-json\/wp\/v2\/users\/2"}],"replies":[{"embeddable":true,"href":"https:\/\/seatoyou-export.fr\/en\/wp-json\/wp\/v2\/comments?post=308"}],"version-history":[{"count":12,"href":"https:\/\/seatoyou-export.fr\/en\/wp-json\/wp\/v2\/pages\/308\/revisions"}],"predecessor-version":[{"id":744,"href":"https:\/\/seatoyou-export.fr\/en\/wp-json\/wp\/v2\/pages\/308\/revisions\/744"}],"wp:featuredmedia":[{"embeddable":true,"href":"https:\/\/seatoyou-export.fr\/en\/wp-json\/wp\/v2\/media\/743"}],"wp:attachment":[{"href":"https:\/\/seatoyou-export.fr\/en\/wp-json\/wp\/v2\/media?parent=308"}],"curies":[{"name":"wp","href":"https:\/\/api.w.org\/{rel}","templated":true}]}}