{"id":328,"date":"2015-07-21T11:55:08","date_gmt":"2015-07-21T11:55:08","guid":{"rendered":"http:\/\/demo.themegrill.com\/himalayas\/?page_id=131"},"modified":"2020-11-30T07:58:11","modified_gmt":"2020-11-30T07:58:11","slug":"seatoyou-2","status":"publish","type":"page","link":"https:\/\/seatoyou-export.fr\/en\/","title":{"rendered":"Page d&rsquo;accueil"},"content":{"rendered":"<h3 class=\"caption-title\">ENSEMBLE CR\u00c9ONS UNE V\u00c9RITABLE SEANERGIE !<\/h3>\n<div class=\"caption-sub\"><strong>Exp\u00e9rience &#8211; Connaissance &#8211; Savoir-faire &#8211; Pratique &#8211; R\u00e9seau<\/strong><br \/>\nTailored expertise for seafood professionals<\/div>","protected":false},"excerpt":{"rendered":"<p>ENSEMBLE CR\u00c9ONS UNE V\u00c9RITABLE SEANERGIE ! Exp\u00e9rience &#8211; Connaissance &#8211; Savoir-faire &#8211; Pratique &#8211; R\u00e9seau Une expertise adapt\u00e9e pour les professionnels des produits de la<\/p>","protected":false},"author":2,"featured_media":0,"parent":0,"menu_order":0,"comment_status":"closed","ping_status":"closed","template":"","meta":{"footnotes":""},"class_list":["post-328","page","type-page","status-publish","hentry"],"yoast_head":"<!-- This site is optimized with the Yoast SEO plugin v25.6 - https:\/\/yoast.com\/wordpress\/plugins\/seo\/ -->\n<title>Page d&#039;accueil - SeaToYou<\/title>\n<meta name=\"description\" content=\"Une expertise adapt\u00e9e pour les professionnels des produits de la mer - ENSEMBLE CR\u00c9ONS UNE V\u00c9RITABLE SEANERGIE !\" \/>\n<meta name=\"robots\" content=\"index, follow, max-snippet:-1, max-image-preview:large, max-video-preview:-1\" \/>\n<link rel=\"canonical\" href=\"https:\/\/seatoyou-export.fr\/en\/\" \/>\n<meta property=\"og:locale\" content=\"en_GB\" \/>\n<meta property=\"og:type\" content=\"article\" \/>\n<meta property=\"og:title\" content=\"Page d&#039;accueil - SeaToYou\" \/>\n<meta property=\"og:description\" content=\"Une expertise adapt\u00e9e pour les professionnels des produits de la mer - ENSEMBLE CR\u00c9ONS UNE V\u00c9RITABLE SEANERGIE !\" \/>\n<meta property=\"og:url\" content=\"https:\/\/seatoyou-export.fr\/en\/\" \/>\n<meta property=\"og:site_name\" content=\"SeaToYou\" \/>\n<meta property=\"article:publisher\" content=\"https:\/\/www.facebook.com\/JohannaSeaToYou\/\" \/>\n<meta property=\"article:modified_time\" content=\"2020-11-30T07:58:11+00:00\" \/>\n<meta property=\"og:image\" content=\"https:\/\/seatoyou-export.fr\/wp-content\/uploads\/2020\/11\/cropped-Logo_SeaToYou_Logo-3-copie-2-2.png\" \/>\n\t<meta property=\"og:image:width\" content=\"378\" \/>\n\t<meta property=\"og:image:height\" content=\"378\" \/>\n\t<meta property=\"og:image:type\" content=\"image\/png\" \/>\n<meta name=\"twitter:card\" content=\"summary_large_image\" \/>\n<script type=\"application\/ld+json\" class=\"yoast-schema-graph\">{\"@context\":\"https:\/\/schema.org\",\"@graph\":[{\"@type\":\"WebPage\",\"@id\":\"https:\/\/seatoyou-export.fr\/\",\"url\":\"https:\/\/seatoyou-export.fr\/\",\"name\":\"Page d'accueil - SeaToYou\",\"isPartOf\":{\"@id\":\"https:\/\/seatoyou-export.fr\/#website\"},\"datePublished\":\"2015-07-21T11:55:08+00:00\",\"dateModified\":\"2020-11-30T07:58:11+00:00\",\"description\":\"Une expertise adapt\u00e9e pour les professionnels des produits de la mer - ENSEMBLE CR\u00c9ONS UNE V\u00c9RITABLE SEANERGIE !\",\"breadcrumb\":{\"@id\":\"https:\/\/seatoyou-export.fr\/#breadcrumb\"},\"inLanguage\":\"en-GB\",\"potentialAction\":[{\"@type\":\"ReadAction\",\"target\":[\"https:\/\/seatoyou-export.fr\/\"]}]},{\"@type\":\"BreadcrumbList\",\"@id\":\"https:\/\/seatoyou-export.fr\/#breadcrumb\",\"itemListElement\":[{\"@type\":\"ListItem\",\"position\":1,\"name\":\"Accueil\",\"item\":\"https:\/\/seatoyou-export.fr\/\"},{\"@type\":\"ListItem\",\"position\":2,\"name\":\"Page d&rsquo;accueil\"}]},{\"@type\":\"WebSite\",\"@id\":\"https:\/\/seatoyou-export.fr\/#website\",\"url\":\"https:\/\/seatoyou-export.fr\/\",\"name\":\"SeaToYou\",\"description\":\"Business Developper\",\"publisher\":{\"@id\":\"https:\/\/seatoyou-export.fr\/#organization\"},\"potentialAction\":[{\"@type\":\"SearchAction\",\"target\":{\"@type\":\"EntryPoint\",\"urlTemplate\":\"https:\/\/seatoyou-export.fr\/?s={search_term_string}\"},\"query-input\":{\"@type\":\"PropertyValueSpecification\",\"valueRequired\":true,\"valueName\":\"search_term_string\"}}],\"inLanguage\":\"en-GB\"},{\"@type\":\"Organization\",\"@id\":\"https:\/\/seatoyou-export.fr\/#organization\",\"name\":\"Sea To You\",\"url\":\"https:\/\/seatoyou-export.fr\/\",\"logo\":{\"@type\":\"ImageObject\",\"inLanguage\":\"en-GB\",\"@id\":\"https:\/\/seatoyou-export.fr\/#\/schema\/logo\/image\/\",\"url\":\"https:\/\/seatoyou-export.fr\/wp-content\/uploads\/2020\/11\/cropped-Logo_SeaToYou_Logo-3-copie-2-2.png\",\"contentUrl\":\"https:\/\/seatoyou-export.fr\/wp-content\/uploads\/2020\/11\/cropped-Logo_SeaToYou_Logo-3-copie-2-2.png\",\"width\":378,\"height\":378,\"caption\":\"Sea To You\"},\"image\":{\"@id\":\"https:\/\/seatoyou-export.fr\/#\/schema\/logo\/image\/\"},\"sameAs\":[\"https:\/\/www.facebook.com\/JohannaSeaToYou\/\",\"https:\/\/www.linkedin.com\/in\/seatoyou\/?originalSubdomain=fr\"]}]}<\/script>\n<!-- \/ Yoast SEO plugin. -->","yoast_head_json":{"title":"Page d'accueil - SeaToYou","description":"Une expertise adapt\u00e9e pour les professionnels des produits de la mer - ENSEMBLE CR\u00c9ONS UNE V\u00c9RITABLE SEANERGIE !","robots":{"index":"index","follow":"follow","max-snippet":"max-snippet:-1","max-image-preview":"max-image-preview:large","max-video-preview":"max-video-preview:-1"},"canonical":"https:\/\/seatoyou-export.fr\/en\/","og_locale":"en_GB","og_type":"article","og_title":"Page d'accueil - SeaToYou","og_description":"Une expertise adapt\u00e9e pour les professionnels des produits de la mer - ENSEMBLE CR\u00c9ONS UNE V\u00c9RITABLE SEANERGIE !","og_url":"https:\/\/seatoyou-export.fr\/en\/","og_site_name":"SeaToYou","article_publisher":"https:\/\/www.facebook.com\/JohannaSeaToYou\/","article_modified_time":"2020-11-30T07:58:11+00:00","og_image":[{"width":378,"height":378,"url":"https:\/\/seatoyou-export.fr\/wp-content\/uploads\/2020\/11\/cropped-Logo_SeaToYou_Logo-3-copie-2-2.png","type":"image\/png"}],"twitter_card":"summary_large_image","schema":{"@context":"https:\/\/schema.org","@graph":[{"@type":"WebPage","@id":"https:\/\/seatoyou-export.fr\/","url":"https:\/\/seatoyou-export.fr\/","name":"Page d'accueil - SeaToYou","isPartOf":{"@id":"https:\/\/seatoyou-export.fr\/#website"},"datePublished":"2015-07-21T11:55:08+00:00","dateModified":"2020-11-30T07:58:11+00:00","description":"Une expertise adapt\u00e9e pour les professionnels des produits de la mer - ENSEMBLE CR\u00c9ONS UNE V\u00c9RITABLE SEANERGIE !","breadcrumb":{"@id":"https:\/\/seatoyou-export.fr\/#breadcrumb"},"inLanguage":"en-GB","potentialAction":[{"@type":"ReadAction","target":["https:\/\/seatoyou-export.fr\/"]}]},{"@type":"BreadcrumbList","@id":"https:\/\/seatoyou-export.fr\/#breadcrumb","itemListElement":[{"@type":"ListItem","position":1,"name":"Accueil","item":"https:\/\/seatoyou-export.fr\/"},{"@type":"ListItem","position":2,"name":"Page d&rsquo;accueil"}]},{"@type":"WebSite","@id":"https:\/\/seatoyou-export.fr\/#website","url":"https:\/\/seatoyou-export.fr\/","name":"SeaToYou","description":"Business Developper","publisher":{"@id":"https:\/\/seatoyou-export.fr\/#organization"},"potentialAction":[{"@type":"SearchAction","target":{"@type":"EntryPoint","urlTemplate":"https:\/\/seatoyou-export.fr\/?s={search_term_string}"},"query-input":{"@type":"PropertyValueSpecification","valueRequired":true,"valueName":"search_term_string"}}],"inLanguage":"en-GB"},{"@type":"Organization","@id":"https:\/\/seatoyou-export.fr\/#organization","name":"Sea To You","url":"https:\/\/seatoyou-export.fr\/","logo":{"@type":"ImageObject","inLanguage":"en-GB","@id":"https:\/\/seatoyou-export.fr\/#\/schema\/logo\/image\/","url":"https:\/\/seatoyou-export.fr\/wp-content\/uploads\/2020\/11\/cropped-Logo_SeaToYou_Logo-3-copie-2-2.png","contentUrl":"https:\/\/seatoyou-export.fr\/wp-content\/uploads\/2020\/11\/cropped-Logo_SeaToYou_Logo-3-copie-2-2.png","width":378,"height":378,"caption":"Sea To You"},"image":{"@id":"https:\/\/seatoyou-export.fr\/#\/schema\/logo\/image\/"},"sameAs":["https:\/\/www.facebook.com\/JohannaSeaToYou\/","https:\/\/www.linkedin.com\/in\/seatoyou\/?originalSubdomain=fr"]}]}},"_links":{"self":[{"href":"https:\/\/seatoyou-export.fr\/en\/wp-json\/wp\/v2\/pages\/328"}],"collection":[{"href":"https:\/\/seatoyou-export.fr\/en\/wp-json\/wp\/v2\/pages"}],"about":[{"href":"https:\/\/seatoyou-export.fr\/en\/wp-json\/wp\/v2\/types\/page"}],"author":[{"embeddable":true,"href":"https:\/\/seatoyou-export.fr\/en\/wp-json\/wp\/v2\/users\/2"}],"replies":[{"embeddable":true,"href":"https:\/\/seatoyou-export.fr\/en\/wp-json\/wp\/v2\/comments?post=328"}],"version-history":[{"count":6,"href":"https:\/\/seatoyou-export.fr\/en\/wp-json\/wp\/v2\/pages\/328\/revisions"}],"predecessor-version":[{"id":798,"href":"https:\/\/seatoyou-export.fr\/en\/wp-json\/wp\/v2\/pages\/328\/revisions\/798"}],"wp:attachment":[{"href":"https:\/\/seatoyou-export.fr\/en\/wp-json\/wp\/v2\/media?parent=328"}],"curies":[{"name":"wp","href":"https:\/\/api.w.org\/{rel}","templated":true}]}}