{"id":34,"date":"2015-07-20T10:24:13","date_gmt":"2015-07-20T10:24:13","guid":{"rendered":"http:\/\/demo.themegrill.com\/himalayas\/?page_id=34"},"modified":"2020-12-01T07:31:32","modified_gmt":"2020-12-01T07:31:32","slug":"lvanto","status":"publish","type":"page","link":"https:\/\/seatoyou-export.fr\/en\/lvanto\/","title":{"rendered":"LVANTO"},"content":{"rendered":"<p>SeaToYou accompanies the head of <strong><a href=\"https:\/\/lvanto.com\/services-3\/\">LVANTO<\/a><\/strong> for the acquisition of a company specialising in logistics and customs regulations.<\/p>\n<p>Our tasks:<\/p>\n<ul>\n<li>l&rsquo;analyse de la situation op\u00e9rationnelle de l\u2019entreprise (forces et faiblesses)<\/li>\n<li>the assessment of the actions to be undertaken to improve internal functioning<\/li>\n<li>the management of the application for AEO accreditation<\/li>\n<li>the development of a seafood logistics branch<\/li>\n<li>employee and supplier management<\/li>\n<li>the development of new products<\/li>\n<li>negotiation of purchase prices<\/li>\n<\/ul>","protected":false},"excerpt":{"rendered":"<p>SeaToYou accompanies the head of <strong><a href=\"https:\/\/lvanto.com\/services-3\/\">LVANTO<\/a><\/strong> for the acquisition of a company specialising in logistics and customs regulations.<\/p>\n<p>Our tasks:<\/p>\n<ul>\n<li>analysis of the company's operational situation (strengths and weaknesses)<\/li>\n<li>the assessment of the actions to be undertaken to improve internal functioning<\/li>\n<li>the management of the application for AEO accreditation<\/li>\n<li>the development of a seafood logistics branch<\/li>\n<li>employee and supplier management<\/li>\n<li>the development of new products<\/li>\n<li>negotiation of purchase prices<\/li>\n<\/ul>","protected":false},"author":2,"featured_media":787,"parent":0,"menu_order":0,"comment_status":"closed","ping_status":"closed","template":"page-templates\/template-services.php","meta":{"footnotes":""},"class_list":["post-34","page","type-page","status-publish","has-post-thumbnail","hentry"],"yoast_head":"<!-- This site is optimized with the Yoast SEO plugin v25.6 - https:\/\/yoast.com\/wordpress\/plugins\/seo\/ -->\n<title>Projet rachat LVANTO - SeaToYou les accompagne<\/title>\n<meta name=\"description\" content=\"SeaToYou accompagne LVANTO pour le rachat d\u2019une entreprise sp\u00e9cialis\u00e9e dans la logistique et les r\u00e8glementations douani\u00e8res.\" \/>\n<meta name=\"robots\" content=\"index, follow, max-snippet:-1, max-image-preview:large, max-video-preview:-1\" \/>\n<link rel=\"canonical\" href=\"https:\/\/seatoyou-export.fr\/en\/lvanto\/\" \/>\n<meta property=\"og:locale\" content=\"en_GB\" \/>\n<meta property=\"og:type\" content=\"article\" \/>\n<meta property=\"og:title\" content=\"Projet rachat LVANTO - SeaToYou les accompagne\" \/>\n<meta property=\"og:description\" content=\"SeaToYou accompagne LVANTO pour le rachat d\u2019une entreprise sp\u00e9cialis\u00e9e dans la logistique et les r\u00e8glementations douani\u00e8res.\" \/>\n<meta property=\"og:url\" content=\"https:\/\/seatoyou-export.fr\/en\/lvanto\/\" \/>\n<meta property=\"og:site_name\" content=\"SeaToYou\" \/>\n<meta property=\"article:publisher\" content=\"https:\/\/www.facebook.com\/JohannaSeaToYou\/\" \/>\n<meta property=\"article:modified_time\" content=\"2020-12-01T07:31:32+00:00\" \/>\n<meta property=\"og:image\" content=\"https:\/\/seatoyou-export.fr\/wp-content\/uploads\/2020\/11\/Nouveau-logo-LVANTO-2020_page-0001-1.jpg\" \/>\n\t<meta property=\"og:image:width\" content=\"470\" \/>\n\t<meta property=\"og:image:height\" content=\"280\" \/>\n\t<meta property=\"og:image:type\" content=\"image\/jpeg\" \/>\n<meta name=\"twitter:card\" content=\"summary_large_image\" \/>\n<script type=\"application\/ld+json\" class=\"yoast-schema-graph\">{\"@context\":\"https:\/\/schema.org\",\"@graph\":[{\"@type\":\"WebPage\",\"@id\":\"https:\/\/seatoyou-export.fr\/lvanto\/\",\"url\":\"https:\/\/seatoyou-export.fr\/lvanto\/\",\"name\":\"Projet rachat LVANTO - SeaToYou les accompagne\",\"isPartOf\":{\"@id\":\"https:\/\/seatoyou-export.fr\/#website\"},\"primaryImageOfPage\":{\"@id\":\"https:\/\/seatoyou-export.fr\/lvanto\/#primaryimage\"},\"image\":{\"@id\":\"https:\/\/seatoyou-export.fr\/lvanto\/#primaryimage\"},\"thumbnailUrl\":\"https:\/\/seatoyou-export.fr\/wp-content\/uploads\/2020\/11\/Nouveau-logo-LVANTO-2020_page-0001-1.jpg\",\"datePublished\":\"2015-07-20T10:24:13+00:00\",\"dateModified\":\"2020-12-01T07:31:32+00:00\",\"description\":\"SeaToYou accompagne LVANTO pour le rachat d\u2019une entreprise sp\u00e9cialis\u00e9e dans la logistique et les r\u00e8glementations douani\u00e8res.\",\"breadcrumb\":{\"@id\":\"https:\/\/seatoyou-export.fr\/lvanto\/#breadcrumb\"},\"inLanguage\":\"en-GB\",\"potentialAction\":[{\"@type\":\"ReadAction\",\"target\":[\"https:\/\/seatoyou-export.fr\/lvanto\/\"]}]},{\"@type\":\"ImageObject\",\"inLanguage\":\"en-GB\",\"@id\":\"https:\/\/seatoyou-export.fr\/lvanto\/#primaryimage\",\"url\":\"https:\/\/seatoyou-export.fr\/wp-content\/uploads\/2020\/11\/Nouveau-logo-LVANTO-2020_page-0001-1.jpg\",\"contentUrl\":\"https:\/\/seatoyou-export.fr\/wp-content\/uploads\/2020\/11\/Nouveau-logo-LVANTO-2020_page-0001-1.jpg\",\"width\":470,\"height\":280,\"caption\":\"lvanto deltapack seatoyou\"},{\"@type\":\"BreadcrumbList\",\"@id\":\"https:\/\/seatoyou-export.fr\/lvanto\/#breadcrumb\",\"itemListElement\":[{\"@type\":\"ListItem\",\"position\":1,\"name\":\"Accueil\",\"item\":\"https:\/\/seatoyou-export.fr\/\"},{\"@type\":\"ListItem\",\"position\":2,\"name\":\"LVANTO\"}]},{\"@type\":\"WebSite\",\"@id\":\"https:\/\/seatoyou-export.fr\/#website\",\"url\":\"https:\/\/seatoyou-export.fr\/\",\"name\":\"SeaToYou\",\"description\":\"Business Developper\",\"publisher\":{\"@id\":\"https:\/\/seatoyou-export.fr\/#organization\"},\"potentialAction\":[{\"@type\":\"SearchAction\",\"target\":{\"@type\":\"EntryPoint\",\"urlTemplate\":\"https:\/\/seatoyou-export.fr\/?s={search_term_string}\"},\"query-input\":{\"@type\":\"PropertyValueSpecification\",\"valueRequired\":true,\"valueName\":\"search_term_string\"}}],\"inLanguage\":\"en-GB\"},{\"@type\":\"Organization\",\"@id\":\"https:\/\/seatoyou-export.fr\/#organization\",\"name\":\"Sea To You\",\"url\":\"https:\/\/seatoyou-export.fr\/\",\"logo\":{\"@type\":\"ImageObject\",\"inLanguage\":\"en-GB\",\"@id\":\"https:\/\/seatoyou-export.fr\/#\/schema\/logo\/image\/\",\"url\":\"https:\/\/seatoyou-export.fr\/wp-content\/uploads\/2020\/11\/cropped-Logo_SeaToYou_Logo-3-copie-2-2.png\",\"contentUrl\":\"https:\/\/seatoyou-export.fr\/wp-content\/uploads\/2020\/11\/cropped-Logo_SeaToYou_Logo-3-copie-2-2.png\",\"width\":378,\"height\":378,\"caption\":\"Sea To You\"},\"image\":{\"@id\":\"https:\/\/seatoyou-export.fr\/#\/schema\/logo\/image\/\"},\"sameAs\":[\"https:\/\/www.facebook.com\/JohannaSeaToYou\/\",\"https:\/\/www.linkedin.com\/in\/seatoyou\/?originalSubdomain=fr\"]}]}<\/script>\n<!-- \/ Yoast SEO plugin. -->","yoast_head_json":{"title":"Projet rachat LVANTO - SeaToYou les accompagne","description":"SeaToYou accompagne LVANTO pour le rachat d\u2019une entreprise sp\u00e9cialis\u00e9e dans la logistique et les r\u00e8glementations douani\u00e8res.","robots":{"index":"index","follow":"follow","max-snippet":"max-snippet:-1","max-image-preview":"max-image-preview:large","max-video-preview":"max-video-preview:-1"},"canonical":"https:\/\/seatoyou-export.fr\/en\/lvanto\/","og_locale":"en_GB","og_type":"article","og_title":"Projet rachat LVANTO - SeaToYou les accompagne","og_description":"SeaToYou accompagne LVANTO pour le rachat d\u2019une entreprise sp\u00e9cialis\u00e9e dans la logistique et les r\u00e8glementations douani\u00e8res.","og_url":"https:\/\/seatoyou-export.fr\/en\/lvanto\/","og_site_name":"SeaToYou","article_publisher":"https:\/\/www.facebook.com\/JohannaSeaToYou\/","article_modified_time":"2020-12-01T07:31:32+00:00","og_image":[{"width":470,"height":280,"url":"https:\/\/seatoyou-export.fr\/wp-content\/uploads\/2020\/11\/Nouveau-logo-LVANTO-2020_page-0001-1.jpg","type":"image\/jpeg"}],"twitter_card":"summary_large_image","schema":{"@context":"https:\/\/schema.org","@graph":[{"@type":"WebPage","@id":"https:\/\/seatoyou-export.fr\/lvanto\/","url":"https:\/\/seatoyou-export.fr\/lvanto\/","name":"Projet rachat LVANTO - SeaToYou les accompagne","isPartOf":{"@id":"https:\/\/seatoyou-export.fr\/#website"},"primaryImageOfPage":{"@id":"https:\/\/seatoyou-export.fr\/lvanto\/#primaryimage"},"image":{"@id":"https:\/\/seatoyou-export.fr\/lvanto\/#primaryimage"},"thumbnailUrl":"https:\/\/seatoyou-export.fr\/wp-content\/uploads\/2020\/11\/Nouveau-logo-LVANTO-2020_page-0001-1.jpg","datePublished":"2015-07-20T10:24:13+00:00","dateModified":"2020-12-01T07:31:32+00:00","description":"SeaToYou accompagne LVANTO pour le rachat d\u2019une entreprise sp\u00e9cialis\u00e9e dans la logistique et les r\u00e8glementations douani\u00e8res.","breadcrumb":{"@id":"https:\/\/seatoyou-export.fr\/lvanto\/#breadcrumb"},"inLanguage":"en-GB","potentialAction":[{"@type":"ReadAction","target":["https:\/\/seatoyou-export.fr\/lvanto\/"]}]},{"@type":"ImageObject","inLanguage":"en-GB","@id":"https:\/\/seatoyou-export.fr\/lvanto\/#primaryimage","url":"https:\/\/seatoyou-export.fr\/wp-content\/uploads\/2020\/11\/Nouveau-logo-LVANTO-2020_page-0001-1.jpg","contentUrl":"https:\/\/seatoyou-export.fr\/wp-content\/uploads\/2020\/11\/Nouveau-logo-LVANTO-2020_page-0001-1.jpg","width":470,"height":280,"caption":"lvanto deltapack seatoyou"},{"@type":"BreadcrumbList","@id":"https:\/\/seatoyou-export.fr\/lvanto\/#breadcrumb","itemListElement":[{"@type":"ListItem","position":1,"name":"Accueil","item":"https:\/\/seatoyou-export.fr\/"},{"@type":"ListItem","position":2,"name":"LVANTO"}]},{"@type":"WebSite","@id":"https:\/\/seatoyou-export.fr\/#website","url":"https:\/\/seatoyou-export.fr\/","name":"SeaToYou","description":"Business Developper","publisher":{"@id":"https:\/\/seatoyou-export.fr\/#organization"},"potentialAction":[{"@type":"SearchAction","target":{"@type":"EntryPoint","urlTemplate":"https:\/\/seatoyou-export.fr\/?s={search_term_string}"},"query-input":{"@type":"PropertyValueSpecification","valueRequired":true,"valueName":"search_term_string"}}],"inLanguage":"en-GB"},{"@type":"Organization","@id":"https:\/\/seatoyou-export.fr\/#organization","name":"Sea To You","url":"https:\/\/seatoyou-export.fr\/","logo":{"@type":"ImageObject","inLanguage":"en-GB","@id":"https:\/\/seatoyou-export.fr\/#\/schema\/logo\/image\/","url":"https:\/\/seatoyou-export.fr\/wp-content\/uploads\/2020\/11\/cropped-Logo_SeaToYou_Logo-3-copie-2-2.png","contentUrl":"https:\/\/seatoyou-export.fr\/wp-content\/uploads\/2020\/11\/cropped-Logo_SeaToYou_Logo-3-copie-2-2.png","width":378,"height":378,"caption":"Sea To You"},"image":{"@id":"https:\/\/seatoyou-export.fr\/#\/schema\/logo\/image\/"},"sameAs":["https:\/\/www.facebook.com\/JohannaSeaToYou\/","https:\/\/www.linkedin.com\/in\/seatoyou\/?originalSubdomain=fr"]}]}},"_links":{"self":[{"href":"https:\/\/seatoyou-export.fr\/en\/wp-json\/wp\/v2\/pages\/34"}],"collection":[{"href":"https:\/\/seatoyou-export.fr\/en\/wp-json\/wp\/v2\/pages"}],"about":[{"href":"https:\/\/seatoyou-export.fr\/en\/wp-json\/wp\/v2\/types\/page"}],"author":[{"embeddable":true,"href":"https:\/\/seatoyou-export.fr\/en\/wp-json\/wp\/v2\/users\/2"}],"replies":[{"embeddable":true,"href":"https:\/\/seatoyou-export.fr\/en\/wp-json\/wp\/v2\/comments?post=34"}],"version-history":[{"count":9,"href":"https:\/\/seatoyou-export.fr\/en\/wp-json\/wp\/v2\/pages\/34\/revisions"}],"predecessor-version":[{"id":681,"href":"https:\/\/seatoyou-export.fr\/en\/wp-json\/wp\/v2\/pages\/34\/revisions\/681"}],"wp:featuredmedia":[{"embeddable":true,"href":"https:\/\/seatoyou-export.fr\/en\/wp-json\/wp\/v2\/media\/787"}],"wp:attachment":[{"href":"https:\/\/seatoyou-export.fr\/en\/wp-json\/wp\/v2\/media?parent=34"}],"curies":[{"name":"wp","href":"https:\/\/api.w.org\/{rel}","templated":true}]}}