{"id":484,"date":"2020-11-14T01:20:44","date_gmt":"2020-11-14T01:20:44","guid":{"rendered":"https:\/\/seatoyou-export.fr\/?page_id=484"},"modified":"2020-11-17T09:47:08","modified_gmt":"2020-11-17T09:47:08","slug":"aquamanager","status":"publish","type":"page","link":"https:\/\/seatoyou-export.fr\/en\/aquamanager\/","title":{"rendered":"AquaManager"},"content":{"rendered":"<p>The sea has no borders and <strong><a href=\"https:\/\/www.aqua-manager.com\/fr\/\">AquaManager<\/a> <\/strong>l&rsquo;a bien compris. Cette entreprise de software sp\u00e9cialis\u00e9e dans les m\u00e9tiers maritimes propose un&nbsp; logiciel de gestion pour la production aquacole.<\/p>\n<p>SeaToYou translated their CRM and the brand's website, providing appropriate language and technical support. We continue to support them in their deployment of the software in France.<\/p>","protected":false},"excerpt":{"rendered":"<p>The sea has no borders and <strong><a href=\"https:\/\/www.aqua-manager.com\/fr\/\">AquaManager<\/a> <\/strong>has understood this. This software company specialising in the sea trades offers management software for aquaculture production.<\/p>\n<p>SeaToYou translated their CRM and the brand's website, providing appropriate language and technical support. We continue to support them in their deployment of the software in France.<\/p>","protected":false},"author":2,"featured_media":598,"parent":0,"menu_order":0,"comment_status":"closed","ping_status":"closed","template":"page-templates\/template-services.php","meta":{"footnotes":""},"class_list":["post-484","page","type-page","status-publish","has-post-thumbnail","hentry"],"yoast_head":"<!-- This site is optimized with the Yoast SEO plugin v25.6 - https:\/\/yoast.com\/wordpress\/plugins\/seo\/ -->\n<title>AquaManager - SeaToYou<\/title>\n<meta name=\"description\" content=\"SeaToYou accompagne AquaManager dans la traduction de leur CRM et du site web ainsi que dans le d\u00e9ploiement du logiciel en France.\" \/>\n<meta name=\"robots\" content=\"index, follow, max-snippet:-1, max-image-preview:large, max-video-preview:-1\" \/>\n<link rel=\"canonical\" href=\"https:\/\/seatoyou-export.fr\/en\/aquamanager\/\" \/>\n<meta property=\"og:locale\" content=\"en_GB\" \/>\n<meta property=\"og:type\" content=\"article\" \/>\n<meta property=\"og:title\" content=\"AquaManager - SeaToYou\" \/>\n<meta property=\"og:description\" content=\"SeaToYou accompagne AquaManager dans la traduction de leur CRM et du site web ainsi que dans le d\u00e9ploiement du logiciel en France.\" \/>\n<meta property=\"og:url\" content=\"https:\/\/seatoyou-export.fr\/en\/aquamanager\/\" \/>\n<meta property=\"og:site_name\" content=\"SeaToYou\" \/>\n<meta property=\"article:publisher\" content=\"https:\/\/www.facebook.com\/JohannaSeaToYou\/\" \/>\n<meta property=\"article:modified_time\" content=\"2020-11-17T09:47:08+00:00\" \/>\n<meta property=\"og:image\" content=\"https:\/\/seatoyou-export.fr\/wp-content\/uploads\/2020\/11\/Logo-aquamanager-seatoyou.png\" \/>\n\t<meta property=\"og:image:width\" content=\"381\" \/>\n\t<meta property=\"og:image:height\" content=\"227\" \/>\n\t<meta property=\"og:image:type\" content=\"image\/png\" \/>\n<meta name=\"twitter:card\" content=\"summary_large_image\" \/>\n<script type=\"application\/ld+json\" class=\"yoast-schema-graph\">{\"@context\":\"https:\/\/schema.org\",\"@graph\":[{\"@type\":\"WebPage\",\"@id\":\"https:\/\/seatoyou-export.fr\/aquamanager\/\",\"url\":\"https:\/\/seatoyou-export.fr\/aquamanager\/\",\"name\":\"AquaManager - SeaToYou\",\"isPartOf\":{\"@id\":\"https:\/\/seatoyou-export.fr\/#website\"},\"primaryImageOfPage\":{\"@id\":\"https:\/\/seatoyou-export.fr\/aquamanager\/#primaryimage\"},\"image\":{\"@id\":\"https:\/\/seatoyou-export.fr\/aquamanager\/#primaryimage\"},\"thumbnailUrl\":\"https:\/\/seatoyou-export.fr\/wp-content\/uploads\/2020\/11\/Logo-aquamanager-seatoyou.png\",\"datePublished\":\"2020-11-14T01:20:44+00:00\",\"dateModified\":\"2020-11-17T09:47:08+00:00\",\"description\":\"SeaToYou accompagne AquaManager dans la traduction de leur CRM et du site web ainsi que dans le d\u00e9ploiement du logiciel en France.\",\"breadcrumb\":{\"@id\":\"https:\/\/seatoyou-export.fr\/aquamanager\/#breadcrumb\"},\"inLanguage\":\"en-GB\",\"potentialAction\":[{\"@type\":\"ReadAction\",\"target\":[\"https:\/\/seatoyou-export.fr\/aquamanager\/\"]}]},{\"@type\":\"ImageObject\",\"inLanguage\":\"en-GB\",\"@id\":\"https:\/\/seatoyou-export.fr\/aquamanager\/#primaryimage\",\"url\":\"https:\/\/seatoyou-export.fr\/wp-content\/uploads\/2020\/11\/Logo-aquamanager-seatoyou.png\",\"contentUrl\":\"https:\/\/seatoyou-export.fr\/wp-content\/uploads\/2020\/11\/Logo-aquamanager-seatoyou.png\",\"width\":381,\"height\":227,\"caption\":\"aquamanager seatoyou\"},{\"@type\":\"BreadcrumbList\",\"@id\":\"https:\/\/seatoyou-export.fr\/aquamanager\/#breadcrumb\",\"itemListElement\":[{\"@type\":\"ListItem\",\"position\":1,\"name\":\"Accueil\",\"item\":\"https:\/\/seatoyou-export.fr\/\"},{\"@type\":\"ListItem\",\"position\":2,\"name\":\"AquaManager\"}]},{\"@type\":\"WebSite\",\"@id\":\"https:\/\/seatoyou-export.fr\/#website\",\"url\":\"https:\/\/seatoyou-export.fr\/\",\"name\":\"SeaToYou\",\"description\":\"Business Developper\",\"publisher\":{\"@id\":\"https:\/\/seatoyou-export.fr\/#organization\"},\"potentialAction\":[{\"@type\":\"SearchAction\",\"target\":{\"@type\":\"EntryPoint\",\"urlTemplate\":\"https:\/\/seatoyou-export.fr\/?s={search_term_string}\"},\"query-input\":{\"@type\":\"PropertyValueSpecification\",\"valueRequired\":true,\"valueName\":\"search_term_string\"}}],\"inLanguage\":\"en-GB\"},{\"@type\":\"Organization\",\"@id\":\"https:\/\/seatoyou-export.fr\/#organization\",\"name\":\"Sea To You\",\"url\":\"https:\/\/seatoyou-export.fr\/\",\"logo\":{\"@type\":\"ImageObject\",\"inLanguage\":\"en-GB\",\"@id\":\"https:\/\/seatoyou-export.fr\/#\/schema\/logo\/image\/\",\"url\":\"https:\/\/seatoyou-export.fr\/wp-content\/uploads\/2020\/11\/cropped-Logo_SeaToYou_Logo-3-copie-2-2.png\",\"contentUrl\":\"https:\/\/seatoyou-export.fr\/wp-content\/uploads\/2020\/11\/cropped-Logo_SeaToYou_Logo-3-copie-2-2.png\",\"width\":378,\"height\":378,\"caption\":\"Sea To You\"},\"image\":{\"@id\":\"https:\/\/seatoyou-export.fr\/#\/schema\/logo\/image\/\"},\"sameAs\":[\"https:\/\/www.facebook.com\/JohannaSeaToYou\/\",\"https:\/\/www.linkedin.com\/in\/seatoyou\/?originalSubdomain=fr\"]}]}<\/script>\n<!-- \/ Yoast SEO plugin. -->","yoast_head_json":{"title":"AquaManager - SeaToYou","description":"SeaToYou accompagne AquaManager dans la traduction de leur CRM et du site web ainsi que dans le d\u00e9ploiement du logiciel en France.","robots":{"index":"index","follow":"follow","max-snippet":"max-snippet:-1","max-image-preview":"max-image-preview:large","max-video-preview":"max-video-preview:-1"},"canonical":"https:\/\/seatoyou-export.fr\/en\/aquamanager\/","og_locale":"en_GB","og_type":"article","og_title":"AquaManager - SeaToYou","og_description":"SeaToYou accompagne AquaManager dans la traduction de leur CRM et du site web ainsi que dans le d\u00e9ploiement du logiciel en France.","og_url":"https:\/\/seatoyou-export.fr\/en\/aquamanager\/","og_site_name":"SeaToYou","article_publisher":"https:\/\/www.facebook.com\/JohannaSeaToYou\/","article_modified_time":"2020-11-17T09:47:08+00:00","og_image":[{"width":381,"height":227,"url":"https:\/\/seatoyou-export.fr\/wp-content\/uploads\/2020\/11\/Logo-aquamanager-seatoyou.png","type":"image\/png"}],"twitter_card":"summary_large_image","schema":{"@context":"https:\/\/schema.org","@graph":[{"@type":"WebPage","@id":"https:\/\/seatoyou-export.fr\/aquamanager\/","url":"https:\/\/seatoyou-export.fr\/aquamanager\/","name":"AquaManager - SeaToYou","isPartOf":{"@id":"https:\/\/seatoyou-export.fr\/#website"},"primaryImageOfPage":{"@id":"https:\/\/seatoyou-export.fr\/aquamanager\/#primaryimage"},"image":{"@id":"https:\/\/seatoyou-export.fr\/aquamanager\/#primaryimage"},"thumbnailUrl":"https:\/\/seatoyou-export.fr\/wp-content\/uploads\/2020\/11\/Logo-aquamanager-seatoyou.png","datePublished":"2020-11-14T01:20:44+00:00","dateModified":"2020-11-17T09:47:08+00:00","description":"SeaToYou accompagne AquaManager dans la traduction de leur CRM et du site web ainsi que dans le d\u00e9ploiement du logiciel en France.","breadcrumb":{"@id":"https:\/\/seatoyou-export.fr\/aquamanager\/#breadcrumb"},"inLanguage":"en-GB","potentialAction":[{"@type":"ReadAction","target":["https:\/\/seatoyou-export.fr\/aquamanager\/"]}]},{"@type":"ImageObject","inLanguage":"en-GB","@id":"https:\/\/seatoyou-export.fr\/aquamanager\/#primaryimage","url":"https:\/\/seatoyou-export.fr\/wp-content\/uploads\/2020\/11\/Logo-aquamanager-seatoyou.png","contentUrl":"https:\/\/seatoyou-export.fr\/wp-content\/uploads\/2020\/11\/Logo-aquamanager-seatoyou.png","width":381,"height":227,"caption":"aquamanager seatoyou"},{"@type":"BreadcrumbList","@id":"https:\/\/seatoyou-export.fr\/aquamanager\/#breadcrumb","itemListElement":[{"@type":"ListItem","position":1,"name":"Accueil","item":"https:\/\/seatoyou-export.fr\/"},{"@type":"ListItem","position":2,"name":"AquaManager"}]},{"@type":"WebSite","@id":"https:\/\/seatoyou-export.fr\/#website","url":"https:\/\/seatoyou-export.fr\/","name":"SeaToYou","description":"Business Developper","publisher":{"@id":"https:\/\/seatoyou-export.fr\/#organization"},"potentialAction":[{"@type":"SearchAction","target":{"@type":"EntryPoint","urlTemplate":"https:\/\/seatoyou-export.fr\/?s={search_term_string}"},"query-input":{"@type":"PropertyValueSpecification","valueRequired":true,"valueName":"search_term_string"}}],"inLanguage":"en-GB"},{"@type":"Organization","@id":"https:\/\/seatoyou-export.fr\/#organization","name":"Sea To You","url":"https:\/\/seatoyou-export.fr\/","logo":{"@type":"ImageObject","inLanguage":"en-GB","@id":"https:\/\/seatoyou-export.fr\/#\/schema\/logo\/image\/","url":"https:\/\/seatoyou-export.fr\/wp-content\/uploads\/2020\/11\/cropped-Logo_SeaToYou_Logo-3-copie-2-2.png","contentUrl":"https:\/\/seatoyou-export.fr\/wp-content\/uploads\/2020\/11\/cropped-Logo_SeaToYou_Logo-3-copie-2-2.png","width":378,"height":378,"caption":"Sea To You"},"image":{"@id":"https:\/\/seatoyou-export.fr\/#\/schema\/logo\/image\/"},"sameAs":["https:\/\/www.facebook.com\/JohannaSeaToYou\/","https:\/\/www.linkedin.com\/in\/seatoyou\/?originalSubdomain=fr"]}]}},"_links":{"self":[{"href":"https:\/\/seatoyou-export.fr\/en\/wp-json\/wp\/v2\/pages\/484"}],"collection":[{"href":"https:\/\/seatoyou-export.fr\/en\/wp-json\/wp\/v2\/pages"}],"about":[{"href":"https:\/\/seatoyou-export.fr\/en\/wp-json\/wp\/v2\/types\/page"}],"author":[{"embeddable":true,"href":"https:\/\/seatoyou-export.fr\/en\/wp-json\/wp\/v2\/users\/2"}],"replies":[{"embeddable":true,"href":"https:\/\/seatoyou-export.fr\/en\/wp-json\/wp\/v2\/comments?post=484"}],"version-history":[{"count":6,"href":"https:\/\/seatoyou-export.fr\/en\/wp-json\/wp\/v2\/pages\/484\/revisions"}],"predecessor-version":[{"id":665,"href":"https:\/\/seatoyou-export.fr\/en\/wp-json\/wp\/v2\/pages\/484\/revisions\/665"}],"wp:featuredmedia":[{"embeddable":true,"href":"https:\/\/seatoyou-export.fr\/en\/wp-json\/wp\/v2\/media\/598"}],"wp:attachment":[{"href":"https:\/\/seatoyou-export.fr\/en\/wp-json\/wp\/v2\/media?parent=484"}],"curies":[{"name":"wp","href":"https:\/\/api.w.org\/{rel}","templated":true}]}}