{"id":5,"date":"2015-07-20T09:02:35","date_gmt":"2015-07-20T09:02:35","guid":{"rendered":"http:\/\/demo.themegrill.com\/himalayas\/?page_id=5"},"modified":"2020-11-17T12:08:12","modified_gmt":"2020-11-17T12:08:12","slug":"seatoyou","status":"publish","type":"page","link":"https:\/\/seatoyou-export.fr\/en\/seatoyou\/","title":{"rendered":"Together let's create a real SeaNergy !"},"content":{"rendered":"<p><strong> Exp\u00e9rience &#8211; Connaissance &#8211; Savoir-faire &#8211; Pratique &#8211; R\u00e9seau<br \/>\n<\/strong><\/p>\n<p>Tailored expertise for seafood professionals<\/p>","protected":false},"excerpt":{"rendered":"<p><strong> Exp\u00e9rience &#8211; Connaissance &#8211; Savoir-faire &#8211; Pratique &#8211; R\u00e9seau<br \/>\n<\/strong><\/p>\n<p> Tailored expertise for seafood professionals<\/p>","protected":false},"author":2,"featured_media":516,"parent":0,"menu_order":0,"comment_status":"closed","ping_status":"closed","template":"","meta":{"footnotes":""},"class_list":["post-5","page","type-page","status-publish","has-post-thumbnail","hentry"],"yoast_head":"<!-- This site is optimized with the Yoast SEO plugin v25.6 - https:\/\/yoast.com\/wordpress\/plugins\/seo\/ -->\n<title>Ensemble cr\u00e9ons une v\u00e9ritable SeaNergie ! - SeaToYou<\/title>\n<meta name=\"description\" content=\"Exp\u00e9rience - Connaissance - Savoir-faire - Pratique - R\u00e9seau : Une expertise pour les professionnels des produits de la mer\" \/>\n<meta name=\"robots\" content=\"index, follow, max-snippet:-1, max-image-preview:large, max-video-preview:-1\" \/>\n<link rel=\"canonical\" href=\"https:\/\/seatoyou-export.fr\/en\/seatoyou\/\" \/>\n<meta property=\"og:locale\" content=\"en_GB\" \/>\n<meta property=\"og:type\" content=\"article\" \/>\n<meta property=\"og:title\" content=\"Ensemble cr\u00e9ons une v\u00e9ritable SeaNergie ! - SeaToYou\" \/>\n<meta property=\"og:description\" content=\"Exp\u00e9rience - Connaissance - Savoir-faire - Pratique - R\u00e9seau : Une expertise pour les professionnels des produits de la mer\" \/>\n<meta property=\"og:url\" content=\"https:\/\/seatoyou-export.fr\/en\/seatoyou\/\" \/>\n<meta property=\"og:site_name\" content=\"SeaToYou\" \/>\n<meta property=\"article:publisher\" content=\"https:\/\/www.facebook.com\/JohannaSeaToYou\/\" \/>\n<meta property=\"article:modified_time\" content=\"2020-11-17T12:08:12+00:00\" \/>\n<meta property=\"og:image\" content=\"https:\/\/seatoyou-export.fr\/wp-content\/uploads\/2020\/11\/seatoyou_confiance_slider.png\" \/>\n\t<meta property=\"og:image:width\" content=\"1920\" \/>\n\t<meta property=\"og:image:height\" content=\"1000\" \/>\n\t<meta property=\"og:image:type\" content=\"image\/png\" \/>\n<meta name=\"twitter:card\" content=\"summary_large_image\" \/>\n<script type=\"application\/ld+json\" class=\"yoast-schema-graph\">{\"@context\":\"https:\/\/schema.org\",\"@graph\":[{\"@type\":\"WebPage\",\"@id\":\"https:\/\/seatoyou-export.fr\/seatoyou\/\",\"url\":\"https:\/\/seatoyou-export.fr\/seatoyou\/\",\"name\":\"Ensemble cr\u00e9ons une v\u00e9ritable SeaNergie ! - SeaToYou\",\"isPartOf\":{\"@id\":\"https:\/\/seatoyou-export.fr\/#website\"},\"primaryImageOfPage\":{\"@id\":\"https:\/\/seatoyou-export.fr\/seatoyou\/#primaryimage\"},\"image\":{\"@id\":\"https:\/\/seatoyou-export.fr\/seatoyou\/#primaryimage\"},\"thumbnailUrl\":\"https:\/\/seatoyou-export.fr\/wp-content\/uploads\/2020\/11\/seatoyou_confiance_slider.png\",\"datePublished\":\"2015-07-20T09:02:35+00:00\",\"dateModified\":\"2020-11-17T12:08:12+00:00\",\"description\":\"Exp\u00e9rience - Connaissance - Savoir-faire - Pratique - R\u00e9seau : Une expertise pour les professionnels des produits de la mer\",\"breadcrumb\":{\"@id\":\"https:\/\/seatoyou-export.fr\/seatoyou\/#breadcrumb\"},\"inLanguage\":\"en-GB\",\"potentialAction\":[{\"@type\":\"ReadAction\",\"target\":[\"https:\/\/seatoyou-export.fr\/seatoyou\/\"]}]},{\"@type\":\"ImageObject\",\"inLanguage\":\"en-GB\",\"@id\":\"https:\/\/seatoyou-export.fr\/seatoyou\/#primaryimage\",\"url\":\"https:\/\/seatoyou-export.fr\/wp-content\/uploads\/2020\/11\/seatoyou_confiance_slider.png\",\"contentUrl\":\"https:\/\/seatoyou-export.fr\/wp-content\/uploads\/2020\/11\/seatoyou_confiance_slider.png\",\"width\":1920,\"height\":1000,\"caption\":\"seatoyou confiance slider\"},{\"@type\":\"BreadcrumbList\",\"@id\":\"https:\/\/seatoyou-export.fr\/seatoyou\/#breadcrumb\",\"itemListElement\":[{\"@type\":\"ListItem\",\"position\":1,\"name\":\"Accueil\",\"item\":\"https:\/\/seatoyou-export.fr\/\"},{\"@type\":\"ListItem\",\"position\":2,\"name\":\"Ensemble cr\u00e9ons une v\u00e9ritable SeaNergie !\"}]},{\"@type\":\"WebSite\",\"@id\":\"https:\/\/seatoyou-export.fr\/#website\",\"url\":\"https:\/\/seatoyou-export.fr\/\",\"name\":\"SeaToYou\",\"description\":\"Business Developper\",\"publisher\":{\"@id\":\"https:\/\/seatoyou-export.fr\/#organization\"},\"potentialAction\":[{\"@type\":\"SearchAction\",\"target\":{\"@type\":\"EntryPoint\",\"urlTemplate\":\"https:\/\/seatoyou-export.fr\/?s={search_term_string}\"},\"query-input\":{\"@type\":\"PropertyValueSpecification\",\"valueRequired\":true,\"valueName\":\"search_term_string\"}}],\"inLanguage\":\"en-GB\"},{\"@type\":\"Organization\",\"@id\":\"https:\/\/seatoyou-export.fr\/#organization\",\"name\":\"Sea To You\",\"url\":\"https:\/\/seatoyou-export.fr\/\",\"logo\":{\"@type\":\"ImageObject\",\"inLanguage\":\"en-GB\",\"@id\":\"https:\/\/seatoyou-export.fr\/#\/schema\/logo\/image\/\",\"url\":\"https:\/\/seatoyou-export.fr\/wp-content\/uploads\/2020\/11\/cropped-Logo_SeaToYou_Logo-3-copie-2-2.png\",\"contentUrl\":\"https:\/\/seatoyou-export.fr\/wp-content\/uploads\/2020\/11\/cropped-Logo_SeaToYou_Logo-3-copie-2-2.png\",\"width\":378,\"height\":378,\"caption\":\"Sea To You\"},\"image\":{\"@id\":\"https:\/\/seatoyou-export.fr\/#\/schema\/logo\/image\/\"},\"sameAs\":[\"https:\/\/www.facebook.com\/JohannaSeaToYou\/\",\"https:\/\/www.linkedin.com\/in\/seatoyou\/?originalSubdomain=fr\"]}]}<\/script>\n<!-- \/ Yoast SEO plugin. -->","yoast_head_json":{"title":"Ensemble cr\u00e9ons une v\u00e9ritable SeaNergie ! - SeaToYou","description":"Exp\u00e9rience - Connaissance - Savoir-faire - Pratique - R\u00e9seau : Une expertise pour les professionnels des produits de la mer","robots":{"index":"index","follow":"follow","max-snippet":"max-snippet:-1","max-image-preview":"max-image-preview:large","max-video-preview":"max-video-preview:-1"},"canonical":"https:\/\/seatoyou-export.fr\/en\/seatoyou\/","og_locale":"en_GB","og_type":"article","og_title":"Ensemble cr\u00e9ons une v\u00e9ritable SeaNergie ! - SeaToYou","og_description":"Exp\u00e9rience - Connaissance - Savoir-faire - Pratique - R\u00e9seau : Une expertise pour les professionnels des produits de la mer","og_url":"https:\/\/seatoyou-export.fr\/en\/seatoyou\/","og_site_name":"SeaToYou","article_publisher":"https:\/\/www.facebook.com\/JohannaSeaToYou\/","article_modified_time":"2020-11-17T12:08:12+00:00","og_image":[{"width":1920,"height":1000,"url":"https:\/\/seatoyou-export.fr\/wp-content\/uploads\/2020\/11\/seatoyou_confiance_slider.png","type":"image\/png"}],"twitter_card":"summary_large_image","schema":{"@context":"https:\/\/schema.org","@graph":[{"@type":"WebPage","@id":"https:\/\/seatoyou-export.fr\/seatoyou\/","url":"https:\/\/seatoyou-export.fr\/seatoyou\/","name":"Ensemble cr\u00e9ons une v\u00e9ritable SeaNergie ! - SeaToYou","isPartOf":{"@id":"https:\/\/seatoyou-export.fr\/#website"},"primaryImageOfPage":{"@id":"https:\/\/seatoyou-export.fr\/seatoyou\/#primaryimage"},"image":{"@id":"https:\/\/seatoyou-export.fr\/seatoyou\/#primaryimage"},"thumbnailUrl":"https:\/\/seatoyou-export.fr\/wp-content\/uploads\/2020\/11\/seatoyou_confiance_slider.png","datePublished":"2015-07-20T09:02:35+00:00","dateModified":"2020-11-17T12:08:12+00:00","description":"Exp\u00e9rience - Connaissance - Savoir-faire - Pratique - R\u00e9seau : Une expertise pour les professionnels des produits de la mer","breadcrumb":{"@id":"https:\/\/seatoyou-export.fr\/seatoyou\/#breadcrumb"},"inLanguage":"en-GB","potentialAction":[{"@type":"ReadAction","target":["https:\/\/seatoyou-export.fr\/seatoyou\/"]}]},{"@type":"ImageObject","inLanguage":"en-GB","@id":"https:\/\/seatoyou-export.fr\/seatoyou\/#primaryimage","url":"https:\/\/seatoyou-export.fr\/wp-content\/uploads\/2020\/11\/seatoyou_confiance_slider.png","contentUrl":"https:\/\/seatoyou-export.fr\/wp-content\/uploads\/2020\/11\/seatoyou_confiance_slider.png","width":1920,"height":1000,"caption":"seatoyou confiance slider"},{"@type":"BreadcrumbList","@id":"https:\/\/seatoyou-export.fr\/seatoyou\/#breadcrumb","itemListElement":[{"@type":"ListItem","position":1,"name":"Accueil","item":"https:\/\/seatoyou-export.fr\/"},{"@type":"ListItem","position":2,"name":"Ensemble cr\u00e9ons une v\u00e9ritable SeaNergie !"}]},{"@type":"WebSite","@id":"https:\/\/seatoyou-export.fr\/#website","url":"https:\/\/seatoyou-export.fr\/","name":"SeaToYou","description":"Business Developper","publisher":{"@id":"https:\/\/seatoyou-export.fr\/#organization"},"potentialAction":[{"@type":"SearchAction","target":{"@type":"EntryPoint","urlTemplate":"https:\/\/seatoyou-export.fr\/?s={search_term_string}"},"query-input":{"@type":"PropertyValueSpecification","valueRequired":true,"valueName":"search_term_string"}}],"inLanguage":"en-GB"},{"@type":"Organization","@id":"https:\/\/seatoyou-export.fr\/#organization","name":"Sea To You","url":"https:\/\/seatoyou-export.fr\/","logo":{"@type":"ImageObject","inLanguage":"en-GB","@id":"https:\/\/seatoyou-export.fr\/#\/schema\/logo\/image\/","url":"https:\/\/seatoyou-export.fr\/wp-content\/uploads\/2020\/11\/cropped-Logo_SeaToYou_Logo-3-copie-2-2.png","contentUrl":"https:\/\/seatoyou-export.fr\/wp-content\/uploads\/2020\/11\/cropped-Logo_SeaToYou_Logo-3-copie-2-2.png","width":378,"height":378,"caption":"Sea To You"},"image":{"@id":"https:\/\/seatoyou-export.fr\/#\/schema\/logo\/image\/"},"sameAs":["https:\/\/www.facebook.com\/JohannaSeaToYou\/","https:\/\/www.linkedin.com\/in\/seatoyou\/?originalSubdomain=fr"]}]}},"_links":{"self":[{"href":"https:\/\/seatoyou-export.fr\/en\/wp-json\/wp\/v2\/pages\/5"}],"collection":[{"href":"https:\/\/seatoyou-export.fr\/en\/wp-json\/wp\/v2\/pages"}],"about":[{"href":"https:\/\/seatoyou-export.fr\/en\/wp-json\/wp\/v2\/types\/page"}],"author":[{"embeddable":true,"href":"https:\/\/seatoyou-export.fr\/en\/wp-json\/wp\/v2\/users\/2"}],"replies":[{"embeddable":true,"href":"https:\/\/seatoyou-export.fr\/en\/wp-json\/wp\/v2\/comments?post=5"}],"version-history":[{"count":12,"href":"https:\/\/seatoyou-export.fr\/en\/wp-json\/wp\/v2\/pages\/5\/revisions"}],"predecessor-version":[{"id":678,"href":"https:\/\/seatoyou-export.fr\/en\/wp-json\/wp\/v2\/pages\/5\/revisions\/678"}],"wp:featuredmedia":[{"embeddable":true,"href":"https:\/\/seatoyou-export.fr\/en\/wp-json\/wp\/v2\/media\/516"}],"wp:attachment":[{"href":"https:\/\/seatoyou-export.fr\/en\/wp-json\/wp\/v2\/media?parent=5"}],"curies":[{"name":"wp","href":"https:\/\/api.w.org\/{rel}","templated":true}]}}